{"id":26610,"date":"2022-09-01T10:43:22","date_gmt":"2022-09-01T08:43:22","guid":{"rendered":"https:\/\/shop.makiba.fr\/?page_id=26610"},"modified":"2022-10-17T16:04:59","modified_gmt":"2022-10-17T14:04:59","slug":"offre-etudiante","status":"publish","type":"page","link":"https:\/\/shop.makiba.fr\/index.php\/offre-etudiante\/","title":{"rendered":"Offre Etudiante"},"content":{"rendered":"\t\t<div data-elementor-type=\"wp-page\" data-elementor-id=\"26610\" class=\"elementor elementor-26610\" data-elementor-post-type=\"page\">\n\t\t\t\t\t\t<section class=\"elementor-section elementor-top-section elementor-element elementor-element-539865d elementor-section-boxed elementor-section-height-default elementor-section-height-default parallax_section_no qode_elementor_container_no\" data-id=\"539865d\" data-element_type=\"section\">\n\t\t\t\t\t\t<div class=\"elementor-container elementor-column-gap-default\">\n\t\t\t\t\t<div class=\"elementor-column elementor-col-100 elementor-top-column elementor-element elementor-element-73b429d\" data-id=\"73b429d\" data-element_type=\"column\">\n\t\t\t<div class=\"elementor-widget-wrap elementor-element-populated\">\n\t\t\t\t\t\t<div class=\"elementor-element elementor-element-c663228 elementor-widget elementor-widget-text-editor\" data-id=\"c663228\" data-element_type=\"widget\" data-widget_type=\"text-editor.default\">\n\t\t\t\t<div class=\"elementor-widget-container\">\n\t\t\t\t\t\t\t<p>Vous \u00eates \u00e9tudiant.e ? Vous allez surement passer beaucoup de temps \u00e0 votre bureau \ud83d\ude09.<\/p>\n<p>Pour m\u00e9nager votre sant\u00e9 et travailler dans les meilleures conditions, profitez de 10% sur l&#8217;ensemble du site.<\/p>\n<p>Offre r\u00e9serv\u00e9e aux \u00e9tudiant.e.s.&nbsp;<\/p>\n<p>Pour en profiter, remplissez le formulaire ci-dessous en nous joignant un justificatif de scolarit\u00e9, nous vous enverrons en retour un code promo.<\/p>\n<p><\/p>\n<p>Bonne ann\u00e9e Scolaire \ud83c\udf89<\/p>\t\t\t\t\t\t<\/div>\n\t\t\t\t<\/div>\n\t\t\t\t\t<\/div>\n\t\t<\/div>\n\t\t\t\t\t<\/div>\n\t\t<\/section>\n\t\t\t\t<section class=\"elementor-section elementor-top-section elementor-element elementor-element-115e384 elementor-section-boxed elementor-section-height-default elementor-section-height-default parallax_section_no qode_elementor_container_no\" data-id=\"115e384\" data-element_type=\"section\">\n\t\t\t\t\t\t<div class=\"elementor-container elementor-column-gap-default\">\n\t\t\t\t\t<div class=\"elementor-column elementor-col-33 elementor-top-column elementor-element elementor-element-f86b12d\" data-id=\"f86b12d\" data-element_type=\"column\">\n\t\t\t<div class=\"elementor-widget-wrap elementor-element-populated\">\n\t\t\t\t\t\t<div class=\"elementor-element elementor-element-8d8751f elementor-widget elementor-widget-image\" data-id=\"8d8751f\" data-element_type=\"widget\" data-widget_type=\"image.default\">\n\t\t\t\t<div class=\"elementor-widget-container\">\n\t\t\t\t\t\t\t\t\t\t\t\t\t<img fetchpriority=\"high\" decoding=\"async\" width=\"446\" height=\"1024\" src=\"https:\/\/shop.makiba.fr\/wp-content\/uploads\/2022\/09\/offre-etudiante-4-446x1024.png\" class=\"attachment-large size-large wp-image-26653\" alt=\"\" srcset=\"https:\/\/shop.makiba.fr\/wp-content\/uploads\/2022\/09\/offre-etudiante-4-446x1024.png 446w, https:\/\/shop.makiba.fr\/wp-content\/uploads\/2022\/09\/offre-etudiante-4-1000x2294.png 1000w, https:\/\/shop.makiba.fr\/wp-content\/uploads\/2022\/09\/offre-etudiante-4-131x300.png 131w, https:\/\/shop.makiba.fr\/wp-content\/uploads\/2022\/09\/offre-etudiante-4-65x150.png 65w, https:\/\/shop.makiba.fr\/wp-content\/uploads\/2022\/09\/offre-etudiante-4-768x1762.png 768w, https:\/\/shop.makiba.fr\/wp-content\/uploads\/2022\/09\/offre-etudiante-4-893x2048.png 893w, https:\/\/shop.makiba.fr\/wp-content\/uploads\/2022\/09\/offre-etudiante-4-700x1606.png 700w, https:\/\/shop.makiba.fr\/wp-content\/uploads\/2022\/09\/offre-etudiante-4-44x100.png 44w, https:\/\/shop.makiba.fr\/wp-content\/uploads\/2022\/09\/offre-etudiante-4.png 1684w\" sizes=\"(max-width: 446px) 100vw, 446px\" \/>\t\t\t\t\t\t\t\t\t\t\t\t\t<\/div>\n\t\t\t\t<\/div>\n\t\t\t\t\t<\/div>\n\t\t<\/div>\n\t\t\t\t<div class=\"elementor-column elementor-col-66 elementor-top-column elementor-element elementor-element-5d35fe6\" data-id=\"5d35fe6\" data-element_type=\"column\">\n\t\t\t<div class=\"elementor-widget-wrap elementor-element-populated\">\n\t\t\t\t\t\t<div class=\"elementor-element elementor-element-1223375 elementor-widget elementor-widget-shortcode\" data-id=\"1223375\" data-element_type=\"widget\" data-widget_type=\"shortcode.default\">\n\t\t\t\t<div class=\"elementor-widget-container\">\n\t\t\t\t\t<div class=\"elementor-shortcode\"><div class=\"forminator-ui forminator-custom-form forminator-custom-form-26613 forminator-design--default  forminator_ajax\" data-forminator-render=\"0\" data-form=\"forminator-module-26613\" data-uid=\"69f38ac0000ca\"><br\/><\/div><form\n\t\t\t\tid=\"forminator-module-26613\"\n\t\t\t\tclass=\"forminator-ui forminator-custom-form forminator-custom-form-26613 forminator-design--default  forminator_ajax\"\n\t\t\t\tmethod=\"post\"\n\t\t\t\tdata-forminator-render=\"0\"\n\t\t\t\tdata-form-id=\"26613\"\n\t\t\t\t\n\t\t\t\tdata-design=\"default\"\n\t\t\t\t\n\t\t\t\t\n\t\t\t\t\n\t\t\t\tdata-grid=\"open\"\n\t\t\t\tenctype=\"multipart\/form-data\"\n\t\t\t\t\n\t\t\t\tstyle=\"display: none;\"\n\t\t\t\t\n\t\t\t\tdata-uid=\"69f38ac0000ca\"\n\t\t\t><div role=\"alert\" aria-live=\"polite\" class=\"forminator-response-message forminator-error\" aria-hidden=\"true\"><\/div><div class=\"forminator-row\"><div id=\"name-1\" class=\"forminator-field-name forminator-col forminator-col-12 \"><div class=\"forminator-field\"><label for=\"forminator-field-name-1_69f38ac0000ca\" id=\"forminator-field-name-1_69f38ac0000ca-label\" class=\"forminator-label\">Nom &amp; Pr\u00e9nom <span class=\"forminator-required\">*<\/span><\/label><input type=\"text\" name=\"name-1\" value=\"\" placeholder=\"Par exemple\u00a0: Jean\" id=\"forminator-field-name-1_69f38ac0000ca\" class=\"forminator-input forminator-name--field\" aria-required=\"true\" \/><\/div><\/div><\/div><div class=\"forminator-row\"><div id=\"email-1\" class=\"forminator-field-email forminator-col forminator-col-12 \"><div class=\"forminator-field\"><label for=\"forminator-field-email-1_69f38ac0000ca\" id=\"forminator-field-email-1_69f38ac0000ca-label\" class=\"forminator-label\">Adresse de messagerie <span class=\"forminator-required\">*<\/span><\/label><input type=\"email\" name=\"email-1\" value=\"\" placeholder=\"Par exemple\u00a0: jacques@martin.com\" id=\"forminator-field-email-1_69f38ac0000ca\" class=\"forminator-input forminator-email--field\" data-required=\"true\" aria-required=\"true\" \/><\/div><\/div><\/div><div class=\"forminator-row\"><div id=\"phone-1\" class=\"forminator-field-phone forminator-col forminator-col-12 \"><div class=\"forminator-field\"><label for=\"forminator-field-phone-1_69f38ac0000ca\" id=\"forminator-field-phone-1_69f38ac0000ca-label\" class=\"forminator-label\">Num\u00e9ro de t\u00e9l\u00e9phone<\/label><input type=\"text\" name=\"phone-1\" value=\"\" placeholder=\"Par exemple\u00a0: +1 02 03 04 05\" id=\"forminator-field-phone-1_69f38ac0000ca\" class=\"forminator-input forminator-field--phone\" data-required=\"\" aria-required=\"false\" autocomplete=\"off\" \/><\/div><\/div><\/div><div class=\"forminator-row\"><div id=\"upload-1\" class=\"forminator-field-upload forminator-col forminator-col-12 \"><div class=\"forminator-field\"><label for=\"forminator-field-upload-1_69f38ac0000ca\" id=\"forminator-field-upload-1_69f38ac0000ca-label\" class=\"forminator-label\">Justificatif de Scolarit\u00e9 (2022 - 2023) <span class=\"forminator-required\">*<\/span><\/label><div class=\"forminator-multi-upload \" data-element=\"upload-1_69f38ac0000ca\"><input type=\"file\" name=\"upload-1[]\" id=\"forminator-field-upload-1_69f38ac0000ca\" class=\"forminator-input-file-required do-validate forminator-field-upload-1_69f38ac0000ca-26613\" multiple=\"multiple\" data-method=\"ajax\" data-size=\"8000000\" data-size-message=\"Maximum file size allowed is 8 MB. \"><div class=\"forminator-multi-upload-message\" aria-hidden=\"true\"><span class=\"forminator-icon-upload\" aria-hidden=\"true\"><\/span><p>Glissez et d\u00e9posez (ou) <a class=\"forminator-upload-file--forminator-field-upload-1_69f38ac0000ca\" href=\"#\" onclick=\"return false;\">Choisissez des fichiers<\/a><\/p><\/div><\/div><ul class=\"forminator-uploaded-files upload-container-upload-1_69f38ac0000ca\"><\/ul><\/div><\/div><\/div><div class=\"forminator-row\"><div id=\"textarea-1\" class=\"forminator-field-textarea forminator-col forminator-col-12 \"><div class=\"forminator-field\"><label for=\"forminator-field-textarea-1_69f38ac0000ca\" id=\"forminator-field-textarea-1_69f38ac0000ca-label\" class=\"forminator-label\">Message<\/label><textarea name=\"textarea-1\" placeholder=\"Saisissez votre message\u2026\" id=\"forminator-field-textarea-1_69f38ac0000ca\" class=\"forminator-textarea\" rows=\"6\" style=\"min-height:140px;\" maxlength=\"180\" ><\/textarea><span id=\"forminator-field-textarea-1_69f38ac0000ca-description\" class=\"forminator-description\"><span data-limit=\"180\" data-type=\"characters\" data-editor=\"\">0 \/ 180<\/span><\/span><\/div><\/div><\/div><input type=\"hidden\" name=\"referer_url\" value=\"\" \/><div class=\"forminator-row forminator-row-last\"><div class=\"forminator-col\"><div class=\"forminator-field\"><button class=\"forminator-button forminator-button-submit\">Envoyer le message<\/button><\/div><\/div><\/div><input type=\"hidden\" id=\"forminator_nonce\" name=\"forminator_nonce\" value=\"1db2406906\" \/><input type=\"hidden\" name=\"_wp_http_referer\" value=\"\/index.php\/wp-json\/wp\/v2\/pages\/26610\" \/><input type=\"hidden\" name=\"form_id\" value=\"26613\"><input type=\"hidden\" name=\"page_id\" value=\"26610\"><input type=\"hidden\" name=\"form_type\" value=\"default\"><input type=\"hidden\" name=\"current_url\" value=\"https:\/\/shop.makiba.fr\/index.php\/offre-etudiante\/\"><input type=\"hidden\" name=\"render_id\" value=\"0\"><input type=\"hidden\" name=\"forminator-multifile-hidden\" class=\"forminator-multifile-hidden\"><input type=\"hidden\" name=\"action\" value=\"forminator_submit_form_custom-forms\"><\/form><\/div>\n\t\t\t\t<\/div>\n\t\t\t\t<\/div>\n\t\t\t\t\t<\/div>\n\t\t<\/div>\n\t\t\t\t\t<\/div>\n\t\t<\/section>\n\t\t\t\t<\/div>\n\t\t","protected":false},"excerpt":{"rendered":"<p>Vous \u00eates \u00e9tudiant.e ? Vous allez surement passer beaucoup de temps \u00e0 votre bureau \ud83d\ude09. Pour m\u00e9nager votre sant\u00e9 et travailler dans les meilleures conditions, profitez de 10% sur l&#8217;ensemble du site. Offre r\u00e9serv\u00e9e aux \u00e9tudiant.e.s.&nbsp; Pour en profiter, remplissez le formulaire ci-dessous en nous&#8230;<\/p>\n","protected":false},"author":1,"featured_media":0,"parent":0,"menu_order":0,"comment_status":"closed","ping_status":"closed","template":"","meta":{"_mi_skip_tracking":false,"_monsterinsights_sitenote_active":false,"_monsterinsights_sitenote_note":"","_monsterinsights_sitenote_category":0,"footnotes":""},"class_list":["post-26610","page","type-page","status-publish","hentry"],"yoast_head":"<!-- This site is optimized with the Yoast SEO plugin v25.0 - https:\/\/yoast.com\/wordpress\/plugins\/seo\/ -->\n<title>Offre Etudiante - Makiba<\/title>\n<meta name=\"robots\" content=\"index, follow, max-snippet:-1, max-image-preview:large, max-video-preview:-1\" \/>\n<link rel=\"canonical\" href=\"https:\/\/shop.makiba.fr\/index.php\/offre-etudiante\/\" \/>\n<meta property=\"og:locale\" content=\"fr_FR\" \/>\n<meta property=\"og:type\" content=\"article\" \/>\n<meta property=\"og:title\" content=\"Offre Etudiante - Makiba\" \/>\n<meta property=\"og:description\" content=\"Vous \u00eates \u00e9tudiant.e ? Vous allez surement passer beaucoup de temps \u00e0 votre bureau \ud83d\ude09. Pour m\u00e9nager votre sant\u00e9 et travailler dans les meilleures conditions, profitez de 10% sur l&#8217;ensemble du site. Offre r\u00e9serv\u00e9e aux \u00e9tudiant.e.s.&nbsp; Pour en profiter, remplissez le formulaire ci-dessous en nous...\" \/>\n<meta property=\"og:url\" content=\"https:\/\/shop.makiba.fr\/index.php\/offre-etudiante\/\" \/>\n<meta property=\"og:site_name\" content=\"Makiba\" \/>\n<meta property=\"article:publisher\" content=\"https:\/\/www.facebook.com\/Makibafr\/\" \/>\n<meta property=\"article:modified_time\" content=\"2022-10-17T14:04:59+00:00\" \/>\n<meta property=\"og:image\" content=\"https:\/\/shop.makiba.fr\/wp-content\/uploads\/2022\/09\/offre-etudiante-4-446x1024.png\" \/>\n<meta name=\"twitter:card\" content=\"summary_large_image\" \/>\n<meta name=\"twitter:site\" content=\"@Makiba_fr\" \/>\n<meta name=\"twitter:label1\" content=\"Dur\u00e9e de lecture estim\u00e9e\" \/>\n\t<meta name=\"twitter:data1\" content=\"8 minutes\" \/>\n<script type=\"application\/ld+json\" class=\"yoast-schema-graph\">{\"@context\":\"https:\/\/schema.org\",\"@graph\":[{\"@type\":\"WebPage\",\"@id\":\"https:\/\/shop.makiba.fr\/index.php\/offre-etudiante\/\",\"url\":\"https:\/\/shop.makiba.fr\/index.php\/offre-etudiante\/\",\"name\":\"Offre Etudiante - Makiba\",\"isPartOf\":{\"@id\":\"https:\/\/shop.makiba.fr\/#website\"},\"primaryImageOfPage\":{\"@id\":\"https:\/\/shop.makiba.fr\/index.php\/offre-etudiante\/#primaryimage\"},\"image\":{\"@id\":\"https:\/\/shop.makiba.fr\/index.php\/offre-etudiante\/#primaryimage\"},\"thumbnailUrl\":\"https:\/\/shop.makiba.fr\/wp-content\/uploads\/2022\/09\/offre-etudiante-4-446x1024.png\",\"datePublished\":\"2022-09-01T08:43:22+00:00\",\"dateModified\":\"2022-10-17T14:04:59+00:00\",\"breadcrumb\":{\"@id\":\"https:\/\/shop.makiba.fr\/index.php\/offre-etudiante\/#breadcrumb\"},\"inLanguage\":\"fr-FR\",\"potentialAction\":[{\"@type\":\"ReadAction\",\"target\":[\"https:\/\/shop.makiba.fr\/index.php\/offre-etudiante\/\"]}]},{\"@type\":\"ImageObject\",\"inLanguage\":\"fr-FR\",\"@id\":\"https:\/\/shop.makiba.fr\/index.php\/offre-etudiante\/#primaryimage\",\"url\":\"https:\/\/shop.makiba.fr\/wp-content\/uploads\/2022\/09\/offre-etudiante-4.png\",\"contentUrl\":\"https:\/\/shop.makiba.fr\/wp-content\/uploads\/2022\/09\/offre-etudiante-4.png\",\"width\":1684,\"height\":3863},{\"@type\":\"BreadcrumbList\",\"@id\":\"https:\/\/shop.makiba.fr\/index.php\/offre-etudiante\/#breadcrumb\",\"itemListElement\":[{\"@type\":\"ListItem\",\"position\":1,\"name\":\"Accueil\",\"item\":\"https:\/\/shop.makiba.fr\/\"},{\"@type\":\"ListItem\",\"position\":2,\"name\":\"Offre Etudiante\"}]},{\"@type\":\"WebSite\",\"@id\":\"https:\/\/shop.makiba.fr\/#website\",\"url\":\"https:\/\/shop.makiba.fr\/\",\"name\":\"Makiba\",\"description\":\"Le mobilier ergonomique fabriqu\u00e9 en France qui se soucie de votre sant\u00e9 et de notre environnement !\",\"publisher\":{\"@id\":\"https:\/\/shop.makiba.fr\/#organization\"},\"potentialAction\":[{\"@type\":\"SearchAction\",\"target\":{\"@type\":\"EntryPoint\",\"urlTemplate\":\"https:\/\/shop.makiba.fr\/?s={search_term_string}\"},\"query-input\":{\"@type\":\"PropertyValueSpecification\",\"valueRequired\":true,\"valueName\":\"search_term_string\"}}],\"inLanguage\":\"fr-FR\"},{\"@type\":\"Organization\",\"@id\":\"https:\/\/shop.makiba.fr\/#organization\",\"name\":\"MAKIBA\",\"url\":\"https:\/\/shop.makiba.fr\/\",\"logo\":{\"@type\":\"ImageObject\",\"inLanguage\":\"fr-FR\",\"@id\":\"https:\/\/shop.makiba.fr\/#\/schema\/logo\/image\/\",\"url\":\"https:\/\/shop.makiba.fr\/wp-content\/uploads\/2023\/04\/livraison-logo-makiba_logo-horizontal-bleu-beige-250px.png\",\"contentUrl\":\"https:\/\/shop.makiba.fr\/wp-content\/uploads\/2023\/04\/livraison-logo-makiba_logo-horizontal-bleu-beige-250px.png\",\"width\":250,\"height\":51,\"caption\":\"MAKIBA\"},\"image\":{\"@id\":\"https:\/\/shop.makiba.fr\/#\/schema\/logo\/image\/\"},\"sameAs\":[\"https:\/\/www.facebook.com\/Makibafr\/\",\"https:\/\/x.com\/Makiba_fr\",\"https:\/\/www.instagram.com\/makiba_fr\/\",\"https:\/\/www.linkedin.com\/company\/makiba\/\",\"https:\/\/www.pinterest.fr\/makiba_fr\/\",\"https:\/\/www.youtube.com\/channel\/UCRFB60QTX9ZvlwbCbMyFGCQ\"]}]}<\/script>\n<!-- \/ Yoast SEO plugin. -->","yoast_head_json":{"title":"Offre Etudiante - Makiba","robots":{"index":"index","follow":"follow","max-snippet":"max-snippet:-1","max-image-preview":"max-image-preview:large","max-video-preview":"max-video-preview:-1"},"canonical":"https:\/\/shop.makiba.fr\/index.php\/offre-etudiante\/","og_locale":"fr_FR","og_type":"article","og_title":"Offre Etudiante - Makiba","og_description":"Vous \u00eates \u00e9tudiant.e ? Vous allez surement passer beaucoup de temps \u00e0 votre bureau \ud83d\ude09. Pour m\u00e9nager votre sant\u00e9 et travailler dans les meilleures conditions, profitez de 10% sur l&#8217;ensemble du site. Offre r\u00e9serv\u00e9e aux \u00e9tudiant.e.s.&nbsp; Pour en profiter, remplissez le formulaire ci-dessous en nous...","og_url":"https:\/\/shop.makiba.fr\/index.php\/offre-etudiante\/","og_site_name":"Makiba","article_publisher":"https:\/\/www.facebook.com\/Makibafr\/","article_modified_time":"2022-10-17T14:04:59+00:00","og_image":[{"url":"https:\/\/shop.makiba.fr\/wp-content\/uploads\/2022\/09\/offre-etudiante-4-446x1024.png","type":"","width":"","height":""}],"twitter_card":"summary_large_image","twitter_site":"@Makiba_fr","twitter_misc":{"Dur\u00e9e de lecture estim\u00e9e":"8 minutes"},"schema":{"@context":"https:\/\/schema.org","@graph":[{"@type":"WebPage","@id":"https:\/\/shop.makiba.fr\/index.php\/offre-etudiante\/","url":"https:\/\/shop.makiba.fr\/index.php\/offre-etudiante\/","name":"Offre Etudiante - Makiba","isPartOf":{"@id":"https:\/\/shop.makiba.fr\/#website"},"primaryImageOfPage":{"@id":"https:\/\/shop.makiba.fr\/index.php\/offre-etudiante\/#primaryimage"},"image":{"@id":"https:\/\/shop.makiba.fr\/index.php\/offre-etudiante\/#primaryimage"},"thumbnailUrl":"https:\/\/shop.makiba.fr\/wp-content\/uploads\/2022\/09\/offre-etudiante-4-446x1024.png","datePublished":"2022-09-01T08:43:22+00:00","dateModified":"2022-10-17T14:04:59+00:00","breadcrumb":{"@id":"https:\/\/shop.makiba.fr\/index.php\/offre-etudiante\/#breadcrumb"},"inLanguage":"fr-FR","potentialAction":[{"@type":"ReadAction","target":["https:\/\/shop.makiba.fr\/index.php\/offre-etudiante\/"]}]},{"@type":"ImageObject","inLanguage":"fr-FR","@id":"https:\/\/shop.makiba.fr\/index.php\/offre-etudiante\/#primaryimage","url":"https:\/\/shop.makiba.fr\/wp-content\/uploads\/2022\/09\/offre-etudiante-4.png","contentUrl":"https:\/\/shop.makiba.fr\/wp-content\/uploads\/2022\/09\/offre-etudiante-4.png","width":1684,"height":3863},{"@type":"BreadcrumbList","@id":"https:\/\/shop.makiba.fr\/index.php\/offre-etudiante\/#breadcrumb","itemListElement":[{"@type":"ListItem","position":1,"name":"Accueil","item":"https:\/\/shop.makiba.fr\/"},{"@type":"ListItem","position":2,"name":"Offre Etudiante"}]},{"@type":"WebSite","@id":"https:\/\/shop.makiba.fr\/#website","url":"https:\/\/shop.makiba.fr\/","name":"Makiba","description":"Le mobilier ergonomique fabriqu\u00e9 en France qui se soucie de votre sant\u00e9 et de notre environnement !","publisher":{"@id":"https:\/\/shop.makiba.fr\/#organization"},"potentialAction":[{"@type":"SearchAction","target":{"@type":"EntryPoint","urlTemplate":"https:\/\/shop.makiba.fr\/?s={search_term_string}"},"query-input":{"@type":"PropertyValueSpecification","valueRequired":true,"valueName":"search_term_string"}}],"inLanguage":"fr-FR"},{"@type":"Organization","@id":"https:\/\/shop.makiba.fr\/#organization","name":"MAKIBA","url":"https:\/\/shop.makiba.fr\/","logo":{"@type":"ImageObject","inLanguage":"fr-FR","@id":"https:\/\/shop.makiba.fr\/#\/schema\/logo\/image\/","url":"https:\/\/shop.makiba.fr\/wp-content\/uploads\/2023\/04\/livraison-logo-makiba_logo-horizontal-bleu-beige-250px.png","contentUrl":"https:\/\/shop.makiba.fr\/wp-content\/uploads\/2023\/04\/livraison-logo-makiba_logo-horizontal-bleu-beige-250px.png","width":250,"height":51,"caption":"MAKIBA"},"image":{"@id":"https:\/\/shop.makiba.fr\/#\/schema\/logo\/image\/"},"sameAs":["https:\/\/www.facebook.com\/Makibafr\/","https:\/\/x.com\/Makiba_fr","https:\/\/www.instagram.com\/makiba_fr\/","https:\/\/www.linkedin.com\/company\/makiba\/","https:\/\/www.pinterest.fr\/makiba_fr\/","https:\/\/www.youtube.com\/channel\/UCRFB60QTX9ZvlwbCbMyFGCQ"]}]}},"_links":{"self":[{"href":"https:\/\/shop.makiba.fr\/index.php\/wp-json\/wp\/v2\/pages\/26610","targetHints":{"allow":["GET"]}}],"collection":[{"href":"https:\/\/shop.makiba.fr\/index.php\/wp-json\/wp\/v2\/pages"}],"about":[{"href":"https:\/\/shop.makiba.fr\/index.php\/wp-json\/wp\/v2\/types\/page"}],"author":[{"embeddable":true,"href":"https:\/\/shop.makiba.fr\/index.php\/wp-json\/wp\/v2\/users\/1"}],"replies":[{"embeddable":true,"href":"https:\/\/shop.makiba.fr\/index.php\/wp-json\/wp\/v2\/comments?post=26610"}],"version-history":[{"count":47,"href":"https:\/\/shop.makiba.fr\/index.php\/wp-json\/wp\/v2\/pages\/26610\/revisions"}],"predecessor-version":[{"id":29135,"href":"https:\/\/shop.makiba.fr\/index.php\/wp-json\/wp\/v2\/pages\/26610\/revisions\/29135"}],"wp:attachment":[{"href":"https:\/\/shop.makiba.fr\/index.php\/wp-json\/wp\/v2\/media?parent=26610"}],"curies":[{"name":"wp","href":"https:\/\/api.w.org\/{rel}","templated":true}]}}