{"id":6520,"date":"2020-10-16T19:33:47","date_gmt":"2020-10-16T17:33:47","guid":{"rendered":"https:\/\/shop.makiba.fr\/test-v2\/?page_id=6520"},"modified":"2024-06-04T16:11:05","modified_gmt":"2024-06-04T14:11:05","slug":"garantie","status":"publish","type":"page","link":"https:\/\/shop.makiba.fr\/index.php\/garantie\/","title":{"rendered":"Garantie"},"content":{"rendered":"\t\t<div data-elementor-type=\"wp-page\" data-elementor-id=\"6520\" class=\"elementor elementor-6520\" data-elementor-post-type=\"page\">\n\t\t\t\t\t\t<section class=\"elementor-section elementor-top-section elementor-element elementor-element-b666594 elementor-section-boxed elementor-section-height-default elementor-section-height-default parallax_section_no qode_elementor_container_no\" data-id=\"b666594\" data-element_type=\"section\">\n\t\t\t\t\t\t<div class=\"elementor-container elementor-column-gap-default\">\n\t\t\t\t\t<div class=\"elementor-column elementor-col-100 elementor-top-column elementor-element elementor-element-a063fc2\" data-id=\"a063fc2\" data-element_type=\"column\">\n\t\t\t<div class=\"elementor-widget-wrap elementor-element-populated\">\n\t\t\t\t\t\t<div class=\"elementor-element elementor-element-a0feeaa elementor-widget elementor-widget-heading\" data-id=\"a0feeaa\" data-element_type=\"widget\" data-widget_type=\"heading.default\">\n\t\t\t\t<div class=\"elementor-widget-container\">\n\t\t\t<h2 class=\"elementor-heading-title elementor-size-default\">Garantie<\/h2>\t\t<\/div>\n\t\t\t\t<\/div>\n\t\t\t\t\t<\/div>\n\t\t<\/div>\n\t\t\t\t\t<\/div>\n\t\t<\/section>\n\t\t\t\t<section class=\"elementor-section elementor-top-section elementor-element elementor-element-89e7392 elementor-section-boxed elementor-section-height-default elementor-section-height-default parallax_section_no qode_elementor_container_no\" data-id=\"89e7392\" data-element_type=\"section\">\n\t\t\t\t\t\t<div class=\"elementor-container elementor-column-gap-default\">\n\t\t\t\t\t<div class=\"elementor-column elementor-col-100 elementor-top-column elementor-element elementor-element-dcfca34\" data-id=\"dcfca34\" data-element_type=\"column\">\n\t\t\t<div class=\"elementor-widget-wrap elementor-element-populated\">\n\t\t\t\t\t\t<div class=\"elementor-element elementor-element-79823d8 elementor-widget elementor-widget-image\" data-id=\"79823d8\" data-element_type=\"widget\" data-widget_type=\"image.default\">\n\t\t\t\t<div class=\"elementor-widget-container\">\n\t\t\t\t\t\t\t\t\t\t\t\t\t<img decoding=\"async\" width=\"150\" height=\"150\" src=\"https:\/\/shop.makiba.fr\/wp-content\/uploads\/2023\/04\/Garantie-10-ans-3-150x150.png\" class=\"attachment-thumbnail size-thumbnail wp-image-4882\" alt=\"\" srcset=\"https:\/\/shop.makiba.fr\/wp-content\/uploads\/2023\/04\/Garantie-10-ans-3-150x150.png 150w, https:\/\/shop.makiba.fr\/wp-content\/uploads\/2023\/04\/Garantie-10-ans-3-100x100.png 100w, https:\/\/shop.makiba.fr\/wp-content\/uploads\/2023\/04\/Garantie-10-ans-3.png 300w\" sizes=\"(max-width: 150px) 100vw, 150px\" \/>\t\t\t\t\t\t\t\t\t\t\t\t\t<\/div>\n\t\t\t\t<\/div>\n\t\t\t\t<div class=\"elementor-element elementor-element-9576d16 elementor-widget elementor-widget-text-editor\" data-id=\"9576d16\" data-element_type=\"widget\" data-widget_type=\"text-editor.default\">\n\t\t\t\t<div class=\"elementor-widget-container\">\n\t\t\t\t\t\t\t<p>Tous nos bureaux sont garantis 10 ans.<\/p>\n<p>C\u2019est une garantie totale, que ce soit sur les plateaux, les pi\u00e8ces m\u00e9caniques, la motorisation ou l\u2019\u00e9lectronique.<\/p>\n<p>Bien entendu, nos produits n\u2019int\u00e8grent pas d\u2019obsolescence programm\u00e9e qui les ferait tomber en panne quelques mois apr\u00e8s la fin de la garantie !<\/p>\n<p>Ils sont con\u00e7us pour durer bien au-del\u00e0 de 10 ans.<\/p>\n<p>Une des raisons pour lesquelles nous travaillons avec Linak pour nos motorisations, outre la fiabilit\u00e9 reconnue de leurs solutions et une fabrication respectant nos valeurs, est que les pi\u00e8ces sont disponibles \u00e0 minima 10 ans. De plus, en cas d\u2019indisponibilit\u00e9 des pi\u00e8ces, ils s\u2019engagent \u00e0 proposer une solution \u00e9quivalente adaptable. C\u2019est, \u00e0 notre connaissance, le fabricant de motorisations le plus engag\u00e9 dans la durabilit\u00e9 des produits; point cl\u00e9 dans notre d\u00e9marche de conception.<\/p>\t\t\t\t\t\t<\/div>\n\t\t\t\t<\/div>\n\t\t\t\t\t<\/div>\n\t\t<\/div>\n\t\t\t\t\t<\/div>\n\t\t<\/section>\n\t\t\t\t<\/div>\n\t\t","protected":false},"excerpt":{"rendered":"<p>Garantie Tous nos bureaux sont garantis 10 ans. C\u2019est une garantie totale, que ce soit sur les plateaux, les pi\u00e8ces m\u00e9caniques, la motorisation ou l\u2019\u00e9lectronique. Bien entendu, nos produits n\u2019int\u00e8grent pas d\u2019obsolescence programm\u00e9e qui les ferait tomber en panne quelques mois apr\u00e8s la fin de&#8230;<\/p>\n","protected":false},"author":1,"featured_media":0,"parent":0,"menu_order":0,"comment_status":"closed","ping_status":"closed","template":"","meta":{"_mi_skip_tracking":false,"_monsterinsights_sitenote_active":false,"_monsterinsights_sitenote_note":"","_monsterinsights_sitenote_category":0,"footnotes":""},"class_list":["post-6520","page","type-page","status-publish","hentry"],"yoast_head":"<!-- This site is optimized with the Yoast SEO plugin v25.0 - https:\/\/yoast.com\/wordpress\/plugins\/seo\/ -->\n<title>Garantie - Support - Makiba<\/title>\n<meta name=\"description\" content=\"Des produits garantie 5 ans fait pour durer\" \/>\n<meta name=\"robots\" content=\"index, follow, max-snippet:-1, max-image-preview:large, max-video-preview:-1\" \/>\n<link rel=\"canonical\" href=\"https:\/\/shop.makiba.fr\/index.php\/garantie\/\" \/>\n<meta property=\"og:locale\" content=\"fr_FR\" \/>\n<meta property=\"og:type\" content=\"article\" \/>\n<meta property=\"og:title\" content=\"Garantie - Support - Makiba\" \/>\n<meta property=\"og:description\" content=\"Des produits garantie 5 ans fait pour durer\" \/>\n<meta property=\"og:url\" content=\"https:\/\/shop.makiba.fr\/index.php\/garantie\/\" \/>\n<meta property=\"og:site_name\" content=\"Makiba\" \/>\n<meta property=\"article:publisher\" content=\"https:\/\/www.facebook.com\/Makibafr\/\" \/>\n<meta property=\"article:modified_time\" content=\"2024-06-04T14:11:05+00:00\" \/>\n<meta property=\"og:image\" content=\"https:\/\/shop.makiba.fr\/wp-content\/uploads\/2023\/04\/Garantie-10-ans-3-150x150.png\" \/>\n<meta name=\"twitter:card\" content=\"summary_large_image\" \/>\n<meta name=\"twitter:site\" content=\"@Makiba_fr\" \/>\n<meta name=\"twitter:label1\" content=\"Dur\u00e9e de lecture estim\u00e9e\" \/>\n\t<meta name=\"twitter:data1\" content=\"1 minute\" \/>\n<script type=\"application\/ld+json\" class=\"yoast-schema-graph\">{\"@context\":\"https:\/\/schema.org\",\"@graph\":[{\"@type\":\"WebPage\",\"@id\":\"https:\/\/shop.makiba.fr\/index.php\/garantie\/\",\"url\":\"https:\/\/shop.makiba.fr\/index.php\/garantie\/\",\"name\":\"Garantie - Support - Makiba\",\"isPartOf\":{\"@id\":\"https:\/\/shop.makiba.fr\/#website\"},\"primaryImageOfPage\":{\"@id\":\"https:\/\/shop.makiba.fr\/index.php\/garantie\/#primaryimage\"},\"image\":{\"@id\":\"https:\/\/shop.makiba.fr\/index.php\/garantie\/#primaryimage\"},\"thumbnailUrl\":\"https:\/\/shop.makiba.fr\/wp-content\/uploads\/2023\/04\/Garantie-10-ans-3-150x150.png\",\"datePublished\":\"2020-10-16T17:33:47+00:00\",\"dateModified\":\"2024-06-04T14:11:05+00:00\",\"description\":\"Des produits garantie 5 ans fait pour durer\",\"breadcrumb\":{\"@id\":\"https:\/\/shop.makiba.fr\/index.php\/garantie\/#breadcrumb\"},\"inLanguage\":\"fr-FR\",\"potentialAction\":[{\"@type\":\"ReadAction\",\"target\":[\"https:\/\/shop.makiba.fr\/index.php\/garantie\/\"]}]},{\"@type\":\"ImageObject\",\"inLanguage\":\"fr-FR\",\"@id\":\"https:\/\/shop.makiba.fr\/index.php\/garantie\/#primaryimage\",\"url\":\"https:\/\/shop.makiba.fr\/wp-content\/uploads\/2023\/04\/Garantie-10-ans-3.png\",\"contentUrl\":\"https:\/\/shop.makiba.fr\/wp-content\/uploads\/2023\/04\/Garantie-10-ans-3.png\",\"width\":300,\"height\":301},{\"@type\":\"BreadcrumbList\",\"@id\":\"https:\/\/shop.makiba.fr\/index.php\/garantie\/#breadcrumb\",\"itemListElement\":[{\"@type\":\"ListItem\",\"position\":1,\"name\":\"Accueil\",\"item\":\"https:\/\/shop.makiba.fr\/\"},{\"@type\":\"ListItem\",\"position\":2,\"name\":\"Garantie\"}]},{\"@type\":\"WebSite\",\"@id\":\"https:\/\/shop.makiba.fr\/#website\",\"url\":\"https:\/\/shop.makiba.fr\/\",\"name\":\"Makiba\",\"description\":\"Le mobilier ergonomique fabriqu\u00e9 en France qui se soucie de votre sant\u00e9 et de notre environnement !\",\"publisher\":{\"@id\":\"https:\/\/shop.makiba.fr\/#organization\"},\"potentialAction\":[{\"@type\":\"SearchAction\",\"target\":{\"@type\":\"EntryPoint\",\"urlTemplate\":\"https:\/\/shop.makiba.fr\/?s={search_term_string}\"},\"query-input\":{\"@type\":\"PropertyValueSpecification\",\"valueRequired\":true,\"valueName\":\"search_term_string\"}}],\"inLanguage\":\"fr-FR\"},{\"@type\":\"Organization\",\"@id\":\"https:\/\/shop.makiba.fr\/#organization\",\"name\":\"MAKIBA\",\"url\":\"https:\/\/shop.makiba.fr\/\",\"logo\":{\"@type\":\"ImageObject\",\"inLanguage\":\"fr-FR\",\"@id\":\"https:\/\/shop.makiba.fr\/#\/schema\/logo\/image\/\",\"url\":\"https:\/\/shop.makiba.fr\/wp-content\/uploads\/2023\/04\/livraison-logo-makiba_logo-horizontal-bleu-beige-250px.png\",\"contentUrl\":\"https:\/\/shop.makiba.fr\/wp-content\/uploads\/2023\/04\/livraison-logo-makiba_logo-horizontal-bleu-beige-250px.png\",\"width\":250,\"height\":51,\"caption\":\"MAKIBA\"},\"image\":{\"@id\":\"https:\/\/shop.makiba.fr\/#\/schema\/logo\/image\/\"},\"sameAs\":[\"https:\/\/www.facebook.com\/Makibafr\/\",\"https:\/\/x.com\/Makiba_fr\",\"https:\/\/www.instagram.com\/makiba_fr\/\",\"https:\/\/www.linkedin.com\/company\/makiba\/\",\"https:\/\/www.pinterest.fr\/makiba_fr\/\",\"https:\/\/www.youtube.com\/channel\/UCRFB60QTX9ZvlwbCbMyFGCQ\"]}]}<\/script>\n<!-- \/ Yoast SEO plugin. -->","yoast_head_json":{"title":"Garantie - Support - Makiba","description":"Des produits garantie 5 ans fait pour durer","robots":{"index":"index","follow":"follow","max-snippet":"max-snippet:-1","max-image-preview":"max-image-preview:large","max-video-preview":"max-video-preview:-1"},"canonical":"https:\/\/shop.makiba.fr\/index.php\/garantie\/","og_locale":"fr_FR","og_type":"article","og_title":"Garantie - Support - Makiba","og_description":"Des produits garantie 5 ans fait pour durer","og_url":"https:\/\/shop.makiba.fr\/index.php\/garantie\/","og_site_name":"Makiba","article_publisher":"https:\/\/www.facebook.com\/Makibafr\/","article_modified_time":"2024-06-04T14:11:05+00:00","og_image":[{"url":"https:\/\/shop.makiba.fr\/wp-content\/uploads\/2023\/04\/Garantie-10-ans-3-150x150.png","type":"","width":"","height":""}],"twitter_card":"summary_large_image","twitter_site":"@Makiba_fr","twitter_misc":{"Dur\u00e9e de lecture estim\u00e9e":"1 minute"},"schema":{"@context":"https:\/\/schema.org","@graph":[{"@type":"WebPage","@id":"https:\/\/shop.makiba.fr\/index.php\/garantie\/","url":"https:\/\/shop.makiba.fr\/index.php\/garantie\/","name":"Garantie - Support - Makiba","isPartOf":{"@id":"https:\/\/shop.makiba.fr\/#website"},"primaryImageOfPage":{"@id":"https:\/\/shop.makiba.fr\/index.php\/garantie\/#primaryimage"},"image":{"@id":"https:\/\/shop.makiba.fr\/index.php\/garantie\/#primaryimage"},"thumbnailUrl":"https:\/\/shop.makiba.fr\/wp-content\/uploads\/2023\/04\/Garantie-10-ans-3-150x150.png","datePublished":"2020-10-16T17:33:47+00:00","dateModified":"2024-06-04T14:11:05+00:00","description":"Des produits garantie 5 ans fait pour durer","breadcrumb":{"@id":"https:\/\/shop.makiba.fr\/index.php\/garantie\/#breadcrumb"},"inLanguage":"fr-FR","potentialAction":[{"@type":"ReadAction","target":["https:\/\/shop.makiba.fr\/index.php\/garantie\/"]}]},{"@type":"ImageObject","inLanguage":"fr-FR","@id":"https:\/\/shop.makiba.fr\/index.php\/garantie\/#primaryimage","url":"https:\/\/shop.makiba.fr\/wp-content\/uploads\/2023\/04\/Garantie-10-ans-3.png","contentUrl":"https:\/\/shop.makiba.fr\/wp-content\/uploads\/2023\/04\/Garantie-10-ans-3.png","width":300,"height":301},{"@type":"BreadcrumbList","@id":"https:\/\/shop.makiba.fr\/index.php\/garantie\/#breadcrumb","itemListElement":[{"@type":"ListItem","position":1,"name":"Accueil","item":"https:\/\/shop.makiba.fr\/"},{"@type":"ListItem","position":2,"name":"Garantie"}]},{"@type":"WebSite","@id":"https:\/\/shop.makiba.fr\/#website","url":"https:\/\/shop.makiba.fr\/","name":"Makiba","description":"Le mobilier ergonomique fabriqu\u00e9 en France qui se soucie de votre sant\u00e9 et de notre environnement !","publisher":{"@id":"https:\/\/shop.makiba.fr\/#organization"},"potentialAction":[{"@type":"SearchAction","target":{"@type":"EntryPoint","urlTemplate":"https:\/\/shop.makiba.fr\/?s={search_term_string}"},"query-input":{"@type":"PropertyValueSpecification","valueRequired":true,"valueName":"search_term_string"}}],"inLanguage":"fr-FR"},{"@type":"Organization","@id":"https:\/\/shop.makiba.fr\/#organization","name":"MAKIBA","url":"https:\/\/shop.makiba.fr\/","logo":{"@type":"ImageObject","inLanguage":"fr-FR","@id":"https:\/\/shop.makiba.fr\/#\/schema\/logo\/image\/","url":"https:\/\/shop.makiba.fr\/wp-content\/uploads\/2023\/04\/livraison-logo-makiba_logo-horizontal-bleu-beige-250px.png","contentUrl":"https:\/\/shop.makiba.fr\/wp-content\/uploads\/2023\/04\/livraison-logo-makiba_logo-horizontal-bleu-beige-250px.png","width":250,"height":51,"caption":"MAKIBA"},"image":{"@id":"https:\/\/shop.makiba.fr\/#\/schema\/logo\/image\/"},"sameAs":["https:\/\/www.facebook.com\/Makibafr\/","https:\/\/x.com\/Makiba_fr","https:\/\/www.instagram.com\/makiba_fr\/","https:\/\/www.linkedin.com\/company\/makiba\/","https:\/\/www.pinterest.fr\/makiba_fr\/","https:\/\/www.youtube.com\/channel\/UCRFB60QTX9ZvlwbCbMyFGCQ"]}]}},"_links":{"self":[{"href":"https:\/\/shop.makiba.fr\/index.php\/wp-json\/wp\/v2\/pages\/6520","targetHints":{"allow":["GET"]}}],"collection":[{"href":"https:\/\/shop.makiba.fr\/index.php\/wp-json\/wp\/v2\/pages"}],"about":[{"href":"https:\/\/shop.makiba.fr\/index.php\/wp-json\/wp\/v2\/types\/page"}],"author":[{"embeddable":true,"href":"https:\/\/shop.makiba.fr\/index.php\/wp-json\/wp\/v2\/users\/1"}],"replies":[{"embeddable":true,"href":"https:\/\/shop.makiba.fr\/index.php\/wp-json\/wp\/v2\/comments?post=6520"}],"version-history":[{"count":10,"href":"https:\/\/shop.makiba.fr\/index.php\/wp-json\/wp\/v2\/pages\/6520\/revisions"}],"predecessor-version":[{"id":34934,"href":"https:\/\/shop.makiba.fr\/index.php\/wp-json\/wp\/v2\/pages\/6520\/revisions\/34934"}],"wp:attachment":[{"href":"https:\/\/shop.makiba.fr\/index.php\/wp-json\/wp\/v2\/media?parent=6520"}],"curies":[{"name":"wp","href":"https:\/\/api.w.org\/{rel}","templated":true}]}}