{"id":6535,"date":"2020-10-16T19:56:38","date_gmt":"2020-10-16T17:56:38","guid":{"rendered":"https:\/\/shop.makiba.fr\/test-v2\/?page_id=6535"},"modified":"2025-05-16T15:27:25","modified_gmt":"2025-05-16T13:27:25","slug":"qui-sommes-nous","status":"publish","type":"page","link":"https:\/\/shop.makiba.fr\/index.php\/qui-sommes-nous\/","title":{"rendered":"Qui sommes-nous &#8211; MAKIBA"},"content":{"rendered":"\t\t<div data-elementor-type=\"wp-page\" data-elementor-id=\"6535\" class=\"elementor elementor-6535\" data-elementor-post-type=\"page\">\n\t\t\t\t\t\t<section class=\"elementor-section elementor-top-section elementor-element elementor-element-ea239d4 elementor-section-full_width elementor-section-height-default elementor-section-height-default parallax_section_no qode_elementor_container_no\" data-id=\"ea239d4\" data-element_type=\"section\">\n\t\t\t\t\t\t<div class=\"elementor-container elementor-column-gap-default\">\n\t\t\t\t\t<div class=\"elementor-column elementor-col-100 elementor-top-column elementor-element elementor-element-c6612a6\" data-id=\"c6612a6\" data-element_type=\"column\">\n\t\t\t<div class=\"elementor-widget-wrap elementor-element-populated\">\n\t\t\t\t\t\t<div class=\"elementor-element elementor-element-ae38010 elementor-widget elementor-widget-heading\" data-id=\"ae38010\" data-element_type=\"widget\" data-widget_type=\"heading.default\">\n\t\t\t\t<div class=\"elementor-widget-container\">\n\t\t\t<h1 class=\"elementor-heading-title elementor-size-default\">Qui sommes nous ?<br><\/h1>\t\t<\/div>\n\t\t\t\t<\/div>\n\t\t\t\t<div class=\"elementor-element elementor-element-73d32f2 elementor-widget elementor-widget-image\" data-id=\"73d32f2\" data-element_type=\"widget\" data-widget_type=\"image.default\">\n\t\t\t\t<div class=\"elementor-widget-container\">\n\t\t\t\t\t\t\t\t\t\t\t\t\t<img fetchpriority=\"high\" decoding=\"async\" width=\"768\" height=\"714\" src=\"https:\/\/shop.makiba.fr\/wp-content\/uploads\/2025\/05\/Photo-equipe-EU-Ecolabel-e1747401920230-768x714.png\" class=\"attachment-medium_large size-medium_large wp-image-37491\" alt=\"\" srcset=\"https:\/\/shop.makiba.fr\/wp-content\/uploads\/2025\/05\/Photo-equipe-EU-Ecolabel-e1747401920230-768x714.png 768w, https:\/\/shop.makiba.fr\/wp-content\/uploads\/2025\/05\/Photo-equipe-EU-Ecolabel-e1747401920230-300x279.png 300w, https:\/\/shop.makiba.fr\/wp-content\/uploads\/2025\/05\/Photo-equipe-EU-Ecolabel-e1747401920230-1024x952.png 1024w, https:\/\/shop.makiba.fr\/wp-content\/uploads\/2025\/05\/Photo-equipe-EU-Ecolabel-e1747401920230-150x139.png 150w, https:\/\/shop.makiba.fr\/wp-content\/uploads\/2025\/05\/Photo-equipe-EU-Ecolabel-e1747401920230-1536x1428.png 1536w, https:\/\/shop.makiba.fr\/wp-content\/uploads\/2025\/05\/Photo-equipe-EU-Ecolabel-e1747401920230-700x651.png 700w, https:\/\/shop.makiba.fr\/wp-content\/uploads\/2025\/05\/Photo-equipe-EU-Ecolabel-e1747401920230-100x93.png 100w, https:\/\/shop.makiba.fr\/wp-content\/uploads\/2025\/05\/Photo-equipe-EU-Ecolabel-e1747401920230-1000x930.png 1000w, https:\/\/shop.makiba.fr\/wp-content\/uploads\/2025\/05\/Photo-equipe-EU-Ecolabel-e1747401920230.png 1732w\" sizes=\"(max-width: 768px) 100vw, 768px\" \/>\t\t\t\t\t\t\t\t\t\t\t\t\t<\/div>\n\t\t\t\t<\/div>\n\t\t\t\t<div class=\"elementor-element elementor-element-1a7aa2e elementor-widget elementor-widget-heading\" data-id=\"1a7aa2e\" data-element_type=\"widget\" data-widget_type=\"heading.default\">\n\t\t\t\t<div class=\"elementor-widget-container\">\n\t\t\t<h2 class=\"elementor-heading-title elementor-size-default\">Makiba, Mobilier Actif Engag\u00e9 !<\/h2>\t\t<\/div>\n\t\t\t\t<\/div>\n\t\t\t\t<div class=\"elementor-element elementor-element-614c15a elementor-widget elementor-widget-text-editor\" data-id=\"614c15a\" data-element_type=\"widget\" data-widget_type=\"text-editor.default\">\n\t\t\t\t<div class=\"elementor-widget-container\">\n\t\t\t\t\t\t\t<h3>\u00a0<\/h3><p>N\u00e9e en 2017 pour apporter une r\u00e9ponse aux m\u00e9faits de la s\u00e9dentarit\u00e9, Makiba con\u00e7oit et fabrique \u2013 en France &#8211; une gamme compl\u00e8te de mobiliers actifs r\u00e9glables en hauteur hautement personnalisables.\u00a0<span style=\"letter-spacing: 0px;\">Nos solutions vous apportent ce degr\u00e9 de libert\u00e9 n\u00e9cessaire \u00e0 votre sant\u00e9, efficacit\u00e9 et cr\u00e9ativit\u00e9. Au bureau, l&#8217;alternance de position assise et debout permet de rester dynamique et r\u00e9duire la s\u00e9dentarit\u00e9. A la maison, vous profitez d\u2019un espace adapt\u00e9 au t\u00e9l\u00e9travail que vous pouvez \u00e9galement partager avec toute la famille \u2013 petits &amp; grands.\u00a0<\/span><span style=\"letter-spacing: 0px;\">Nous sommes pr\u00e9sents depuis nos d\u00e9buts sur le march\u00e9 professionnel o\u00f9 nous proposons un ensemble de solutions standards et sur-mesure au travers de nos distributeurs.<\/span><\/p><p>\u00a0<\/p><p>D\u00e9but 2020, avec la situation sanitaire et le d\u00e9veloppement du t\u00e9l\u00e9travail, nous avons d\u00e9cid\u00e9 de mettre en place ce site de vente en ligne \u00e0 destination des particuliers et t\u00e9l\u00e9travailleurs afin de leur faire b\u00e9n\u00e9ficier de certaines de nos solutions. Nous avons adapt\u00e9 une partie de nos bureaux pour les rendre compatibles avec de petits espaces et faciles \u00e0 monter.<\/p><p>Afin de vous assurer une utilisation optimale de nos produits, nous avons mis en place un service d\u2019accompagnement bas\u00e9 sur une application smartphone et des enqu\u00eates r\u00e9guli\u00e8res vous permettant de d\u00e9finir des objectifs et suivre votre utilisation.<\/p><p>\u00a0<\/p><p>Enfin, dans le cadre de notre d\u00e9marche de conception raisonn\u00e9e afin de limiter l\u2019impact de nos produits, nous utilisons des panneaux \u00e0 base de plus de 100% de mati\u00e8res premi\u00e8res recycl\u00e9es et travaillons avec des partenaires industriels locaux.<\/p><p>\u00a0<\/p><p>\u00a0<\/p>\t\t\t\t\t\t<\/div>\n\t\t\t\t<\/div>\n\t\t\t\t<div class=\"elementor-element elementor-element-e8f18ff elementor-widget__width-initial elementor-widget elementor-widget-video\" data-id=\"e8f18ff\" data-element_type=\"widget\" data-settings=\"{&quot;youtube_url&quot;:&quot;https:\\\/\\\/www.youtube.com\\\/watch?v=7i7cAAjNlps&quot;,&quot;video_type&quot;:&quot;youtube&quot;,&quot;controls&quot;:&quot;yes&quot;}\" data-widget_type=\"video.default\">\n\t\t\t\t<div class=\"elementor-widget-container\">\n\t\t\t\t\t<div class=\"elementor-wrapper elementor-open-inline\">\n\t\t\t<div class=\"elementor-video\"><\/div>\t\t<\/div>\n\t\t\t\t<\/div>\n\t\t\t\t<\/div>\n\t\t\t\t\t<\/div>\n\t\t<\/div>\n\t\t\t\t\t<\/div>\n\t\t<\/section>\n\t\t\t\t<\/div>\n\t\t","protected":false},"excerpt":{"rendered":"<p>Qui sommes nous ? Makiba, Mobilier Actif Engag\u00e9 ! \u00a0 N\u00e9e en 2017 pour apporter une r\u00e9ponse aux m\u00e9faits de la s\u00e9dentarit\u00e9, Makiba con\u00e7oit et fabrique \u2013 en France &#8211; une gamme compl\u00e8te de mobiliers actifs r\u00e9glables en hauteur hautement personnalisables.\u00a0Nos solutions vous apportent ce&#8230;<\/p>\n","protected":false},"author":1,"featured_media":0,"parent":0,"menu_order":0,"comment_status":"closed","ping_status":"closed","template":"","meta":{"_mi_skip_tracking":false,"_monsterinsights_sitenote_active":false,"_monsterinsights_sitenote_note":"","_monsterinsights_sitenote_category":0,"footnotes":""},"class_list":["post-6535","page","type-page","status-publish","hentry"],"yoast_head":"<!-- This site is optimized with the Yoast SEO plugin v25.0 - https:\/\/yoast.com\/wordpress\/plugins\/seo\/ -->\n<title>Makiba - Qui sommes nous ?<\/title>\n<meta name=\"description\" content=\"MAKIBA le mobilier qui se soucie de votre sant\u00e9 - histoire - cr\u00e9ation - \u00e9quipe - convictions\" \/>\n<meta name=\"robots\" content=\"index, follow, max-snippet:-1, max-image-preview:large, max-video-preview:-1\" \/>\n<link rel=\"canonical\" href=\"https:\/\/shop.makiba.fr\/index.php\/qui-sommes-nous\/\" \/>\n<meta property=\"og:locale\" content=\"fr_FR\" \/>\n<meta property=\"og:type\" content=\"article\" \/>\n<meta property=\"og:title\" content=\"Makiba - Qui sommes nous ?\" \/>\n<meta property=\"og:description\" content=\"MAKIBA le mobilier qui se soucie de votre sant\u00e9 - histoire - cr\u00e9ation - \u00e9quipe - convictions\" \/>\n<meta property=\"og:url\" content=\"https:\/\/shop.makiba.fr\/index.php\/qui-sommes-nous\/\" \/>\n<meta property=\"og:site_name\" content=\"Makiba\" \/>\n<meta property=\"article:publisher\" content=\"https:\/\/www.facebook.com\/Makibafr\/\" \/>\n<meta property=\"article:modified_time\" content=\"2025-05-16T13:27:25+00:00\" \/>\n<meta property=\"og:image\" content=\"https:\/\/shop.makiba.fr\/wp-content\/uploads\/2025\/05\/Photo-equipe-EU-Ecolabel-e1747401920230.png\" \/>\n\t<meta property=\"og:image:width\" content=\"1732\" \/>\n\t<meta property=\"og:image:height\" content=\"1610\" \/>\n\t<meta property=\"og:image:type\" content=\"image\/png\" \/>\n<meta name=\"twitter:card\" content=\"summary_large_image\" \/>\n<meta name=\"twitter:site\" content=\"@Makiba_fr\" \/>\n<meta name=\"twitter:label1\" content=\"Dur\u00e9e de lecture estim\u00e9e\" \/>\n\t<meta name=\"twitter:data1\" content=\"2 minutes\" \/>\n<script type=\"application\/ld+json\" class=\"yoast-schema-graph\">{\"@context\":\"https:\/\/schema.org\",\"@graph\":[{\"@type\":\"WebPage\",\"@id\":\"https:\/\/shop.makiba.fr\/index.php\/qui-sommes-nous\/\",\"url\":\"https:\/\/shop.makiba.fr\/index.php\/qui-sommes-nous\/\",\"name\":\"Makiba - Qui sommes nous ?\",\"isPartOf\":{\"@id\":\"https:\/\/shop.makiba.fr\/#website\"},\"primaryImageOfPage\":{\"@id\":\"https:\/\/shop.makiba.fr\/index.php\/qui-sommes-nous\/#primaryimage\"},\"image\":{\"@id\":\"https:\/\/shop.makiba.fr\/index.php\/qui-sommes-nous\/#primaryimage\"},\"thumbnailUrl\":\"https:\/\/shop.makiba.fr\/wp-content\/uploads\/2025\/05\/Photo-equipe-EU-Ecolabel-e1747401920230-768x714.png\",\"datePublished\":\"2020-10-16T17:56:38+00:00\",\"dateModified\":\"2025-05-16T13:27:25+00:00\",\"description\":\"MAKIBA le mobilier qui se soucie de votre sant\u00e9 - histoire - cr\u00e9ation - \u00e9quipe - convictions\",\"breadcrumb\":{\"@id\":\"https:\/\/shop.makiba.fr\/index.php\/qui-sommes-nous\/#breadcrumb\"},\"inLanguage\":\"fr-FR\",\"potentialAction\":[{\"@type\":\"ReadAction\",\"target\":[\"https:\/\/shop.makiba.fr\/index.php\/qui-sommes-nous\/\"]}]},{\"@type\":\"ImageObject\",\"inLanguage\":\"fr-FR\",\"@id\":\"https:\/\/shop.makiba.fr\/index.php\/qui-sommes-nous\/#primaryimage\",\"url\":\"https:\/\/shop.makiba.fr\/wp-content\/uploads\/2025\/05\/Photo-equipe-EU-Ecolabel-e1747401920230.png\",\"contentUrl\":\"https:\/\/shop.makiba.fr\/wp-content\/uploads\/2025\/05\/Photo-equipe-EU-Ecolabel-e1747401920230.png\",\"width\":1732,\"height\":1610},{\"@type\":\"BreadcrumbList\",\"@id\":\"https:\/\/shop.makiba.fr\/index.php\/qui-sommes-nous\/#breadcrumb\",\"itemListElement\":[{\"@type\":\"ListItem\",\"position\":1,\"name\":\"Accueil\",\"item\":\"https:\/\/shop.makiba.fr\/\"},{\"@type\":\"ListItem\",\"position\":2,\"name\":\"Qui sommes-nous &#8211; MAKIBA\"}]},{\"@type\":\"WebSite\",\"@id\":\"https:\/\/shop.makiba.fr\/#website\",\"url\":\"https:\/\/shop.makiba.fr\/\",\"name\":\"Makiba\",\"description\":\"Le mobilier ergonomique fabriqu\u00e9 en France qui se soucie de votre sant\u00e9 et de notre environnement !\",\"publisher\":{\"@id\":\"https:\/\/shop.makiba.fr\/#organization\"},\"potentialAction\":[{\"@type\":\"SearchAction\",\"target\":{\"@type\":\"EntryPoint\",\"urlTemplate\":\"https:\/\/shop.makiba.fr\/?s={search_term_string}\"},\"query-input\":{\"@type\":\"PropertyValueSpecification\",\"valueRequired\":true,\"valueName\":\"search_term_string\"}}],\"inLanguage\":\"fr-FR\"},{\"@type\":\"Organization\",\"@id\":\"https:\/\/shop.makiba.fr\/#organization\",\"name\":\"MAKIBA\",\"url\":\"https:\/\/shop.makiba.fr\/\",\"logo\":{\"@type\":\"ImageObject\",\"inLanguage\":\"fr-FR\",\"@id\":\"https:\/\/shop.makiba.fr\/#\/schema\/logo\/image\/\",\"url\":\"https:\/\/shop.makiba.fr\/wp-content\/uploads\/2023\/04\/livraison-logo-makiba_logo-horizontal-bleu-beige-250px.png\",\"contentUrl\":\"https:\/\/shop.makiba.fr\/wp-content\/uploads\/2023\/04\/livraison-logo-makiba_logo-horizontal-bleu-beige-250px.png\",\"width\":250,\"height\":51,\"caption\":\"MAKIBA\"},\"image\":{\"@id\":\"https:\/\/shop.makiba.fr\/#\/schema\/logo\/image\/\"},\"sameAs\":[\"https:\/\/www.facebook.com\/Makibafr\/\",\"https:\/\/x.com\/Makiba_fr\",\"https:\/\/www.instagram.com\/makiba_fr\/\",\"https:\/\/www.linkedin.com\/company\/makiba\/\",\"https:\/\/www.pinterest.fr\/makiba_fr\/\",\"https:\/\/www.youtube.com\/channel\/UCRFB60QTX9ZvlwbCbMyFGCQ\"]}]}<\/script>\n<!-- \/ Yoast SEO plugin. -->","yoast_head_json":{"title":"Makiba - Qui sommes nous ?","description":"MAKIBA le mobilier qui se soucie de votre sant\u00e9 - histoire - cr\u00e9ation - \u00e9quipe - convictions","robots":{"index":"index","follow":"follow","max-snippet":"max-snippet:-1","max-image-preview":"max-image-preview:large","max-video-preview":"max-video-preview:-1"},"canonical":"https:\/\/shop.makiba.fr\/index.php\/qui-sommes-nous\/","og_locale":"fr_FR","og_type":"article","og_title":"Makiba - Qui sommes nous ?","og_description":"MAKIBA le mobilier qui se soucie de votre sant\u00e9 - histoire - cr\u00e9ation - \u00e9quipe - convictions","og_url":"https:\/\/shop.makiba.fr\/index.php\/qui-sommes-nous\/","og_site_name":"Makiba","article_publisher":"https:\/\/www.facebook.com\/Makibafr\/","article_modified_time":"2025-05-16T13:27:25+00:00","og_image":[{"width":1732,"height":1610,"url":"https:\/\/shop.makiba.fr\/wp-content\/uploads\/2025\/05\/Photo-equipe-EU-Ecolabel-e1747401920230.png","type":"image\/png"}],"twitter_card":"summary_large_image","twitter_site":"@Makiba_fr","twitter_misc":{"Dur\u00e9e de lecture estim\u00e9e":"2 minutes"},"schema":{"@context":"https:\/\/schema.org","@graph":[{"@type":"WebPage","@id":"https:\/\/shop.makiba.fr\/index.php\/qui-sommes-nous\/","url":"https:\/\/shop.makiba.fr\/index.php\/qui-sommes-nous\/","name":"Makiba - Qui sommes nous ?","isPartOf":{"@id":"https:\/\/shop.makiba.fr\/#website"},"primaryImageOfPage":{"@id":"https:\/\/shop.makiba.fr\/index.php\/qui-sommes-nous\/#primaryimage"},"image":{"@id":"https:\/\/shop.makiba.fr\/index.php\/qui-sommes-nous\/#primaryimage"},"thumbnailUrl":"https:\/\/shop.makiba.fr\/wp-content\/uploads\/2025\/05\/Photo-equipe-EU-Ecolabel-e1747401920230-768x714.png","datePublished":"2020-10-16T17:56:38+00:00","dateModified":"2025-05-16T13:27:25+00:00","description":"MAKIBA le mobilier qui se soucie de votre sant\u00e9 - histoire - cr\u00e9ation - \u00e9quipe - convictions","breadcrumb":{"@id":"https:\/\/shop.makiba.fr\/index.php\/qui-sommes-nous\/#breadcrumb"},"inLanguage":"fr-FR","potentialAction":[{"@type":"ReadAction","target":["https:\/\/shop.makiba.fr\/index.php\/qui-sommes-nous\/"]}]},{"@type":"ImageObject","inLanguage":"fr-FR","@id":"https:\/\/shop.makiba.fr\/index.php\/qui-sommes-nous\/#primaryimage","url":"https:\/\/shop.makiba.fr\/wp-content\/uploads\/2025\/05\/Photo-equipe-EU-Ecolabel-e1747401920230.png","contentUrl":"https:\/\/shop.makiba.fr\/wp-content\/uploads\/2025\/05\/Photo-equipe-EU-Ecolabel-e1747401920230.png","width":1732,"height":1610},{"@type":"BreadcrumbList","@id":"https:\/\/shop.makiba.fr\/index.php\/qui-sommes-nous\/#breadcrumb","itemListElement":[{"@type":"ListItem","position":1,"name":"Accueil","item":"https:\/\/shop.makiba.fr\/"},{"@type":"ListItem","position":2,"name":"Qui sommes-nous &#8211; MAKIBA"}]},{"@type":"WebSite","@id":"https:\/\/shop.makiba.fr\/#website","url":"https:\/\/shop.makiba.fr\/","name":"Makiba","description":"Le mobilier ergonomique fabriqu\u00e9 en France qui se soucie de votre sant\u00e9 et de notre environnement !","publisher":{"@id":"https:\/\/shop.makiba.fr\/#organization"},"potentialAction":[{"@type":"SearchAction","target":{"@type":"EntryPoint","urlTemplate":"https:\/\/shop.makiba.fr\/?s={search_term_string}"},"query-input":{"@type":"PropertyValueSpecification","valueRequired":true,"valueName":"search_term_string"}}],"inLanguage":"fr-FR"},{"@type":"Organization","@id":"https:\/\/shop.makiba.fr\/#organization","name":"MAKIBA","url":"https:\/\/shop.makiba.fr\/","logo":{"@type":"ImageObject","inLanguage":"fr-FR","@id":"https:\/\/shop.makiba.fr\/#\/schema\/logo\/image\/","url":"https:\/\/shop.makiba.fr\/wp-content\/uploads\/2023\/04\/livraison-logo-makiba_logo-horizontal-bleu-beige-250px.png","contentUrl":"https:\/\/shop.makiba.fr\/wp-content\/uploads\/2023\/04\/livraison-logo-makiba_logo-horizontal-bleu-beige-250px.png","width":250,"height":51,"caption":"MAKIBA"},"image":{"@id":"https:\/\/shop.makiba.fr\/#\/schema\/logo\/image\/"},"sameAs":["https:\/\/www.facebook.com\/Makibafr\/","https:\/\/x.com\/Makiba_fr","https:\/\/www.instagram.com\/makiba_fr\/","https:\/\/www.linkedin.com\/company\/makiba\/","https:\/\/www.pinterest.fr\/makiba_fr\/","https:\/\/www.youtube.com\/channel\/UCRFB60QTX9ZvlwbCbMyFGCQ"]}]}},"_links":{"self":[{"href":"https:\/\/shop.makiba.fr\/index.php\/wp-json\/wp\/v2\/pages\/6535","targetHints":{"allow":["GET"]}}],"collection":[{"href":"https:\/\/shop.makiba.fr\/index.php\/wp-json\/wp\/v2\/pages"}],"about":[{"href":"https:\/\/shop.makiba.fr\/index.php\/wp-json\/wp\/v2\/types\/page"}],"author":[{"embeddable":true,"href":"https:\/\/shop.makiba.fr\/index.php\/wp-json\/wp\/v2\/users\/1"}],"replies":[{"embeddable":true,"href":"https:\/\/shop.makiba.fr\/index.php\/wp-json\/wp\/v2\/comments?post=6535"}],"version-history":[{"count":13,"href":"https:\/\/shop.makiba.fr\/index.php\/wp-json\/wp\/v2\/pages\/6535\/revisions"}],"predecessor-version":[{"id":37494,"href":"https:\/\/shop.makiba.fr\/index.php\/wp-json\/wp\/v2\/pages\/6535\/revisions\/37494"}],"wp:attachment":[{"href":"https:\/\/shop.makiba.fr\/index.php\/wp-json\/wp\/v2\/media?parent=6535"}],"curies":[{"name":"wp","href":"https:\/\/api.w.org\/{rel}","templated":true}]}}