{"id":25205,"date":"2022-05-31T09:05:51","date_gmt":"2022-05-31T07:05:51","guid":{"rendered":"https:\/\/shop.makiba.fr\/?post_type=product&#038;p=25205"},"modified":"2025-04-07T15:31:28","modified_gmt":"2025-04-07T13:31:28","slug":"lot-4-roulettes-50mm","status":"publish","type":"product","link":"https:\/\/shop.makiba.fr\/index.php\/produit\/lot-4-roulettes-50mm\/","title":{"rendered":"Lot de 4 roulettes &#8211; 50 mm"},"content":{"rendered":"\t\t<div data-elementor-type=\"page\" data-elementor-id=\"26274\" class=\"elementor elementor-26274\" data-elementor-post-type=\"elementor_library\">\n\t\t\t\t\t\t<section class=\"elementor-section elementor-top-section elementor-element elementor-element-11ec915b elementor-section-full_width elementor-section-height-default elementor-section-height-default parallax_section_no qode_elementor_container_no\" data-id=\"11ec915b\" data-element_type=\"section\">\n\t\t\t\t\t\t<div class=\"elementor-container elementor-column-gap-default\">\n\t\t\t\t\t<div class=\"elementor-column elementor-col-100 elementor-top-column elementor-element elementor-element-44d2877\" data-id=\"44d2877\" data-element_type=\"column\">\n\t\t\t<div class=\"elementor-widget-wrap elementor-element-populated\">\n\t\t\t\t\t\t<div class=\"elementor-element elementor-element-15183dea elementor-widget elementor-widget-text-editor\" data-id=\"15183dea\" data-element_type=\"widget\" data-widget_type=\"text-editor.default\">\n\t\t\t\t<div class=\"elementor-widget-container\">\n\t\t\t\t\t\t\t<p>Lot de 4 roulettes Blickl\u00e9, de haute qualit\u00e9, fabriqu\u00e9es en Allemagne :<br \/>\u2013 2 roulettes frein\u00e9es r\u00e9f\u00e9rence\u00a0LMDA-TPA_50G-FI<br \/>\u2013\u00a02 roulettes libres r\u00e9f\u00e9rence\u00a0LMDA-TPA_50G<br \/>Roues jumelles pour plus de confort.<br \/>Compatibles avec les bureaux SMART et STORM.<\/p><p>Fixation par \u0153illet. Vis fournies.<\/p><p>Charge admissible \u00e9galement r\u00e9partie sur les 4 roulettes : 100 kg.<\/p><p>Garantie 5 ans.<\/p>\t\t\t\t\t\t<\/div>\n\t\t\t\t<\/div>\n\t\t\t\t\t<\/div>\n\t\t<\/div>\n\t\t\t\t\t<\/div>\n\t\t<\/section>\n\t\t\t\t<\/div>\n\t\t\n","protected":false},"excerpt":{"rendered":"<p>Permet de rendre mobile votre bureau<\/p>\n<p>Diam\u00e8tre roue : 50 mm<\/p>\n<p>Roues jumelles pour plus de confort<\/p>\n<p>Haute qualit\u00e9, fabriqu\u00e9es en Allemagne<\/p>\n<p>&nbsp;<\/p>\n","protected":false},"featured_media":25206,"template":"","meta":{"_mi_skip_tracking":false,"_monsterinsights_sitenote_active":false,"_monsterinsights_sitenote_note":"","_monsterinsights_sitenote_category":0},"product_brand":[],"product_cat":[69],"product_tag":[],"class_list":{"0":"post-25205","1":"product","2":"type-product","3":"status-publish","4":"has-post-thumbnail","6":"product_cat-accessoires-bureaux","7":"product_shipping_class-accessoire","9":"first","10":"instock","11":"taxable","12":"shipping-taxable","13":"purchasable","14":"product-type-simple"},"yoast_head":"<!-- This site is optimized with the Yoast SEO plugin v25.0 - https:\/\/yoast.com\/wordpress\/plugins\/seo\/ -->\n<title>Lot de 4 roulettes | 50 mm - MAKIBA<\/title>\n<meta name=\"description\" content=\"Lot de 4 roulettes Blickl\u00e9 50\u2009mm dont 2 avec freins, fabriqu\u00e9s en Allemagne et de haute qualit\u00e9, r\u00e9f\u00e9rence LMDA-TPA_50G-FI et LMDA-TPA_50G\" \/>\n<meta name=\"robots\" content=\"index, follow, max-snippet:-1, max-image-preview:large, max-video-preview:-1\" \/>\n<link rel=\"canonical\" href=\"https:\/\/shop.makiba.fr\/index.php\/produit\/lot-4-roulettes-50mm\/\" \/>\n<meta property=\"og:locale\" content=\"fr_FR\" \/>\n<meta property=\"og:type\" content=\"article\" \/>\n<meta property=\"og:title\" content=\"Lot de 4 roulettes | 50 mm - MAKIBA\" \/>\n<meta property=\"og:description\" content=\"Lot de 4 roulettes Blickl\u00e9 50\u2009mm dont 2 avec freins, fabriqu\u00e9s en Allemagne et de haute qualit\u00e9, r\u00e9f\u00e9rence LMDA-TPA_50G-FI et LMDA-TPA_50G\" \/>\n<meta property=\"og:url\" content=\"https:\/\/shop.makiba.fr\/index.php\/produit\/lot-4-roulettes-50mm\/\" \/>\n<meta property=\"og:site_name\" content=\"Makiba\" \/>\n<meta property=\"article:publisher\" content=\"https:\/\/www.facebook.com\/Makibafr\/\" \/>\n<meta property=\"article:modified_time\" content=\"2025-04-07T13:31:28+00:00\" \/>\n<meta property=\"og:image\" content=\"https:\/\/shop.makiba.fr\/wp-content\/uploads\/2022\/05\/Lot_roulettes_TPA_50G_web.png\" \/>\n\t<meta property=\"og:image:width\" content=\"1000\" \/>\n\t<meta property=\"og:image:height\" content=\"1000\" \/>\n\t<meta property=\"og:image:type\" content=\"image\/png\" \/>\n<meta name=\"twitter:card\" content=\"summary_large_image\" \/>\n<meta name=\"twitter:site\" content=\"@Makiba_fr\" \/>\n<meta name=\"twitter:label1\" content=\"Dur\u00e9e de lecture estim\u00e9e\" \/>\n\t<meta name=\"twitter:data1\" content=\"1 minute\" \/>\n<script type=\"application\/ld+json\" class=\"yoast-schema-graph\">{\"@context\":\"https:\/\/schema.org\",\"@graph\":[{\"@type\":\"WebPage\",\"@id\":\"https:\/\/shop.makiba.fr\/index.php\/produit\/lot-4-roulettes-50mm\/\",\"url\":\"https:\/\/shop.makiba.fr\/index.php\/produit\/lot-4-roulettes-50mm\/\",\"name\":\"Lot de 4 roulettes | 50 mm - MAKIBA\",\"isPartOf\":{\"@id\":\"https:\/\/shop.makiba.fr\/#website\"},\"primaryImageOfPage\":{\"@id\":\"https:\/\/shop.makiba.fr\/index.php\/produit\/lot-4-roulettes-50mm\/#primaryimage\"},\"image\":{\"@id\":\"https:\/\/shop.makiba.fr\/index.php\/produit\/lot-4-roulettes-50mm\/#primaryimage\"},\"thumbnailUrl\":\"https:\/\/shop.makiba.fr\/wp-content\/uploads\/2022\/05\/Lot_roulettes_TPA_50G_web.png\",\"datePublished\":\"2022-05-31T07:05:51+00:00\",\"dateModified\":\"2025-04-07T13:31:28+00:00\",\"description\":\"Lot de 4 roulettes Blickl\u00e9 50\u2009mm dont 2 avec freins, fabriqu\u00e9s en Allemagne et de haute qualit\u00e9, r\u00e9f\u00e9rence LMDA-TPA_50G-FI et LMDA-TPA_50G\",\"breadcrumb\":{\"@id\":\"https:\/\/shop.makiba.fr\/index.php\/produit\/lot-4-roulettes-50mm\/#breadcrumb\"},\"inLanguage\":\"fr-FR\",\"potentialAction\":[{\"@type\":\"ReadAction\",\"target\":[\"https:\/\/shop.makiba.fr\/index.php\/produit\/lot-4-roulettes-50mm\/\"]}]},{\"@type\":\"ImageObject\",\"inLanguage\":\"fr-FR\",\"@id\":\"https:\/\/shop.makiba.fr\/index.php\/produit\/lot-4-roulettes-50mm\/#primaryimage\",\"url\":\"https:\/\/shop.makiba.fr\/wp-content\/uploads\/2022\/05\/Lot_roulettes_TPA_50G_web.png\",\"contentUrl\":\"https:\/\/shop.makiba.fr\/wp-content\/uploads\/2022\/05\/Lot_roulettes_TPA_50G_web.png\",\"width\":1000,\"height\":1000},{\"@type\":\"BreadcrumbList\",\"@id\":\"https:\/\/shop.makiba.fr\/index.php\/produit\/lot-4-roulettes-50mm\/#breadcrumb\",\"itemListElement\":[{\"@type\":\"ListItem\",\"position\":1,\"name\":\"Accueil\",\"item\":\"https:\/\/shop.makiba.fr\/\"},{\"@type\":\"ListItem\",\"position\":2,\"name\":\"Boutique\",\"item\":\"https:\/\/shop.makiba.fr\/index.php\/boutique\/\"},{\"@type\":\"ListItem\",\"position\":3,\"name\":\"Lot de 4 roulettes &#8211; 50 mm\"}]},{\"@type\":\"WebSite\",\"@id\":\"https:\/\/shop.makiba.fr\/#website\",\"url\":\"https:\/\/shop.makiba.fr\/\",\"name\":\"Makiba\",\"description\":\"Le mobilier ergonomique fabriqu\u00e9 en France qui se soucie de votre sant\u00e9 et de notre environnement !\",\"publisher\":{\"@id\":\"https:\/\/shop.makiba.fr\/#organization\"},\"potentialAction\":[{\"@type\":\"SearchAction\",\"target\":{\"@type\":\"EntryPoint\",\"urlTemplate\":\"https:\/\/shop.makiba.fr\/?s={search_term_string}\"},\"query-input\":{\"@type\":\"PropertyValueSpecification\",\"valueRequired\":true,\"valueName\":\"search_term_string\"}}],\"inLanguage\":\"fr-FR\"},{\"@type\":\"Organization\",\"@id\":\"https:\/\/shop.makiba.fr\/#organization\",\"name\":\"MAKIBA\",\"url\":\"https:\/\/shop.makiba.fr\/\",\"logo\":{\"@type\":\"ImageObject\",\"inLanguage\":\"fr-FR\",\"@id\":\"https:\/\/shop.makiba.fr\/#\/schema\/logo\/image\/\",\"url\":\"https:\/\/shop.makiba.fr\/wp-content\/uploads\/2023\/04\/livraison-logo-makiba_logo-horizontal-bleu-beige-250px.png\",\"contentUrl\":\"https:\/\/shop.makiba.fr\/wp-content\/uploads\/2023\/04\/livraison-logo-makiba_logo-horizontal-bleu-beige-250px.png\",\"width\":250,\"height\":51,\"caption\":\"MAKIBA\"},\"image\":{\"@id\":\"https:\/\/shop.makiba.fr\/#\/schema\/logo\/image\/\"},\"sameAs\":[\"https:\/\/www.facebook.com\/Makibafr\/\",\"https:\/\/x.com\/Makiba_fr\",\"https:\/\/www.instagram.com\/makiba_fr\/\",\"https:\/\/www.linkedin.com\/company\/makiba\/\",\"https:\/\/www.pinterest.fr\/makiba_fr\/\",\"https:\/\/www.youtube.com\/channel\/UCRFB60QTX9ZvlwbCbMyFGCQ\"]}]}<\/script>\n<!-- \/ Yoast SEO plugin. -->","yoast_head_json":{"title":"Lot de 4 roulettes | 50 mm - MAKIBA","description":"Lot de 4 roulettes Blickl\u00e9 50\u2009mm dont 2 avec freins, fabriqu\u00e9s en Allemagne et de haute qualit\u00e9, r\u00e9f\u00e9rence LMDA-TPA_50G-FI et LMDA-TPA_50G","robots":{"index":"index","follow":"follow","max-snippet":"max-snippet:-1","max-image-preview":"max-image-preview:large","max-video-preview":"max-video-preview:-1"},"canonical":"https:\/\/shop.makiba.fr\/index.php\/produit\/lot-4-roulettes-50mm\/","og_locale":"fr_FR","og_type":"article","og_title":"Lot de 4 roulettes | 50 mm - MAKIBA","og_description":"Lot de 4 roulettes Blickl\u00e9 50\u2009mm dont 2 avec freins, fabriqu\u00e9s en Allemagne et de haute qualit\u00e9, r\u00e9f\u00e9rence LMDA-TPA_50G-FI et LMDA-TPA_50G","og_url":"https:\/\/shop.makiba.fr\/index.php\/produit\/lot-4-roulettes-50mm\/","og_site_name":"Makiba","article_publisher":"https:\/\/www.facebook.com\/Makibafr\/","article_modified_time":"2025-04-07T13:31:28+00:00","og_image":[{"width":1000,"height":1000,"url":"https:\/\/shop.makiba.fr\/wp-content\/uploads\/2022\/05\/Lot_roulettes_TPA_50G_web.png","type":"image\/png"}],"twitter_card":"summary_large_image","twitter_site":"@Makiba_fr","twitter_misc":{"Dur\u00e9e de lecture estim\u00e9e":"1 minute"},"schema":{"@context":"https:\/\/schema.org","@graph":[{"@type":"WebPage","@id":"https:\/\/shop.makiba.fr\/index.php\/produit\/lot-4-roulettes-50mm\/","url":"https:\/\/shop.makiba.fr\/index.php\/produit\/lot-4-roulettes-50mm\/","name":"Lot de 4 roulettes | 50 mm - MAKIBA","isPartOf":{"@id":"https:\/\/shop.makiba.fr\/#website"},"primaryImageOfPage":{"@id":"https:\/\/shop.makiba.fr\/index.php\/produit\/lot-4-roulettes-50mm\/#primaryimage"},"image":{"@id":"https:\/\/shop.makiba.fr\/index.php\/produit\/lot-4-roulettes-50mm\/#primaryimage"},"thumbnailUrl":"https:\/\/shop.makiba.fr\/wp-content\/uploads\/2022\/05\/Lot_roulettes_TPA_50G_web.png","datePublished":"2022-05-31T07:05:51+00:00","dateModified":"2025-04-07T13:31:28+00:00","description":"Lot de 4 roulettes Blickl\u00e9 50\u2009mm dont 2 avec freins, fabriqu\u00e9s en Allemagne et de haute qualit\u00e9, r\u00e9f\u00e9rence LMDA-TPA_50G-FI et LMDA-TPA_50G","breadcrumb":{"@id":"https:\/\/shop.makiba.fr\/index.php\/produit\/lot-4-roulettes-50mm\/#breadcrumb"},"inLanguage":"fr-FR","potentialAction":[{"@type":"ReadAction","target":["https:\/\/shop.makiba.fr\/index.php\/produit\/lot-4-roulettes-50mm\/"]}]},{"@type":"ImageObject","inLanguage":"fr-FR","@id":"https:\/\/shop.makiba.fr\/index.php\/produit\/lot-4-roulettes-50mm\/#primaryimage","url":"https:\/\/shop.makiba.fr\/wp-content\/uploads\/2022\/05\/Lot_roulettes_TPA_50G_web.png","contentUrl":"https:\/\/shop.makiba.fr\/wp-content\/uploads\/2022\/05\/Lot_roulettes_TPA_50G_web.png","width":1000,"height":1000},{"@type":"BreadcrumbList","@id":"https:\/\/shop.makiba.fr\/index.php\/produit\/lot-4-roulettes-50mm\/#breadcrumb","itemListElement":[{"@type":"ListItem","position":1,"name":"Accueil","item":"https:\/\/shop.makiba.fr\/"},{"@type":"ListItem","position":2,"name":"Boutique","item":"https:\/\/shop.makiba.fr\/index.php\/boutique\/"},{"@type":"ListItem","position":3,"name":"Lot de 4 roulettes &#8211; 50 mm"}]},{"@type":"WebSite","@id":"https:\/\/shop.makiba.fr\/#website","url":"https:\/\/shop.makiba.fr\/","name":"Makiba","description":"Le mobilier ergonomique fabriqu\u00e9 en France qui se soucie de votre sant\u00e9 et de notre environnement !","publisher":{"@id":"https:\/\/shop.makiba.fr\/#organization"},"potentialAction":[{"@type":"SearchAction","target":{"@type":"EntryPoint","urlTemplate":"https:\/\/shop.makiba.fr\/?s={search_term_string}"},"query-input":{"@type":"PropertyValueSpecification","valueRequired":true,"valueName":"search_term_string"}}],"inLanguage":"fr-FR"},{"@type":"Organization","@id":"https:\/\/shop.makiba.fr\/#organization","name":"MAKIBA","url":"https:\/\/shop.makiba.fr\/","logo":{"@type":"ImageObject","inLanguage":"fr-FR","@id":"https:\/\/shop.makiba.fr\/#\/schema\/logo\/image\/","url":"https:\/\/shop.makiba.fr\/wp-content\/uploads\/2023\/04\/livraison-logo-makiba_logo-horizontal-bleu-beige-250px.png","contentUrl":"https:\/\/shop.makiba.fr\/wp-content\/uploads\/2023\/04\/livraison-logo-makiba_logo-horizontal-bleu-beige-250px.png","width":250,"height":51,"caption":"MAKIBA"},"image":{"@id":"https:\/\/shop.makiba.fr\/#\/schema\/logo\/image\/"},"sameAs":["https:\/\/www.facebook.com\/Makibafr\/","https:\/\/x.com\/Makiba_fr","https:\/\/www.instagram.com\/makiba_fr\/","https:\/\/www.linkedin.com\/company\/makiba\/","https:\/\/www.pinterest.fr\/makiba_fr\/","https:\/\/www.youtube.com\/channel\/UCRFB60QTX9ZvlwbCbMyFGCQ"]}]}},"_links":{"self":[{"href":"https:\/\/shop.makiba.fr\/index.php\/wp-json\/wp\/v2\/product\/25205","targetHints":{"allow":["GET"]}}],"collection":[{"href":"https:\/\/shop.makiba.fr\/index.php\/wp-json\/wp\/v2\/product"}],"about":[{"href":"https:\/\/shop.makiba.fr\/index.php\/wp-json\/wp\/v2\/types\/product"}],"wp:featuredmedia":[{"embeddable":true,"href":"https:\/\/shop.makiba.fr\/index.php\/wp-json\/wp\/v2\/media\/25206"}],"wp:attachment":[{"href":"https:\/\/shop.makiba.fr\/index.php\/wp-json\/wp\/v2\/media?parent=25205"}],"wp:term":[{"taxonomy":"product_brand","embeddable":true,"href":"https:\/\/shop.makiba.fr\/index.php\/wp-json\/wp\/v2\/product_brand?post=25205"},{"taxonomy":"product_cat","embeddable":true,"href":"https:\/\/shop.makiba.fr\/index.php\/wp-json\/wp\/v2\/product_cat?post=25205"},{"taxonomy":"product_tag","embeddable":true,"href":"https:\/\/shop.makiba.fr\/index.php\/wp-json\/wp\/v2\/product_tag?post=25205"}],"curies":[{"name":"wp","href":"https:\/\/api.w.org\/{rel}","templated":true}]}}