{"id":443,"date":"2019-06-12T17:09:06","date_gmt":"2019-06-12T15:09:06","guid":{"rendered":"https:\/\/shop.makiba.fr\/index.php\/product\/import-placeholder-for-35\/"},"modified":"2025-04-07T15:31:28","modified_gmt":"2025-04-07T13:31:28","slug":"joko-pro-03","status":"publish","type":"product","link":"https:\/\/shop.makiba.fr\/index.php\/produit\/joko-pro-03\/","title":{"rendered":"LINEA &#8211; JOKO PRO 03"},"content":{"rendered":"<p style=\"text-align: left;\">\t\t<div data-elementor-type=\"page\" data-elementor-id=\"26418\" class=\"elementor elementor-26418\" data-elementor-post-type=\"elementor_library\">\n\t\t\t\t\t\t<section class=\"elementor-section elementor-top-section elementor-element elementor-element-ccdc005 elementor-section-full_width elementor-section-height-default elementor-section-height-default parallax_section_no qode_elementor_container_no\" data-id=\"ccdc005\" data-element_type=\"section\">\n\t\t\t\t\t\t<div class=\"elementor-container elementor-column-gap-default\">\n\t\t\t\t\t<div class=\"elementor-column elementor-col-100 elementor-top-column elementor-element elementor-element-ca48874\" data-id=\"ca48874\" data-element_type=\"column\">\n\t\t\t<div class=\"elementor-widget-wrap elementor-element-populated\">\n\t\t\t\t\t\t<div class=\"elementor-element elementor-element-7f79e461 elementor-widget elementor-widget-text-editor\" data-id=\"7f79e461\" data-element_type=\"widget\" data-widget_type=\"text-editor.default\">\n\t\t\t\t<div class=\"elementor-widget-container\">\n\t\t\t\t\t\t\t<p>Le si\u00e8ge JOKO PRO 03 est un si\u00e8ge de travail \u00e9tudi\u00e9 pour ceux qui, dans leur activit\u00e9, alternent la position assise et la position debout.<\/p><p>Il permet d\u2019adopter une position interm\u00e9diaire sans se lever ou se rasseoir en permanence. Ce nouveau concept de si\u00e8ge assis debout offre un support d\u2019assise tr\u00e8s confortable tout en respectant le soutien lombaire pour pr\u00e9venir efficacement les douleurs lombaires, les sensations d\u2019inconfort et les troubles musculo- squelettique.<\/p><p>JOKO est r\u00e9alis\u00e9 en mousse co-inject\u00e9e \u00e0 froid avec le rev\u00eatement, pour obtenir une forme plus homog\u00e8ne et lin\u00e9aire.<\/p><p>Cette version de JOKO PRO 03 est munie d\u2019un m\u00e9canisme oscillant qui permet l\u2019inclinaison de l\u2019assise et du dossier simultan\u00e9e et blocable en diverses positions.<\/p><p>Caract\u00e9ristiques :<\/p><ul><li>Fabriqu\u00e9 en Italie<\/li><li>R\u00e9glages :<ul><li>Hauteur d\u2019assise : 56 \u00e0 81 cm<\/li><li>Inclinaison assise (pour position interm\u00e9diaire assis-debout)<\/li><\/ul><\/li><li>Profondeur d\u2019assise : 43 cm<\/li><li>Repose pieds circulaire<\/li><li>Pi\u00e9tement nylon 5 branches sur patins<\/li><li>Couleur : anthracite<\/li><li>Garantie 5 ans<\/li><li>A monter soi-m\u00eame<\/li><\/ul>\t\t\t\t\t\t<\/div>\n\t\t\t\t<\/div>\n\t\t\t\t\t<\/div>\n\t\t<\/div>\n\t\t\t\t\t<\/div>\n\t\t<\/section>\n\t\t\t\t<\/div>\n","protected":false},"excerpt":{"rendered":"<p>Si\u00e8ge particuli\u00e8rement adapt\u00e9 pour alterner les positions.<\/p>\n<p>Permet une position interm\u00e9diaire &#8220;assis-debout&#8221;.<\/p>\n<p>Exp\u00e9dition sous 48 heures.<\/p>\n","protected":false},"featured_media":6136,"template":"","meta":{"_mi_skip_tracking":false,"_monsterinsights_sitenote_active":false,"_monsterinsights_sitenote_note":"","_monsterinsights_sitenote_category":0},"product_brand":[],"product_cat":[30],"product_tag":[],"class_list":{"0":"post-443","1":"product","2":"type-product","3":"status-publish","4":"has-post-thumbnail","6":"product_cat-chaises-assis-debout","8":"first","9":"instock","10":"taxable","11":"shipping-taxable","12":"purchasable","13":"product-type-simple"},"yoast_head":"<!-- This site is optimized with the Yoast SEO plugin v25.0 - https:\/\/yoast.com\/wordpress\/plugins\/seo\/ -->\n<title>Assise LINEA - JOKO PRO 03 - Makiba<\/title>\n<meta name=\"description\" content=\"Retrouvez l&#039;assise JOKO | confort et ergonomie pour le t\u00e9l\u00e9travail, maintien et confort du dos assur\u00e9 | Linea en vente chez MAKIBA | JOKO PRO 03\" \/>\n<meta name=\"robots\" content=\"index, follow, max-snippet:-1, max-image-preview:large, max-video-preview:-1\" \/>\n<link rel=\"canonical\" href=\"https:\/\/shop.makiba.fr\/index.php\/produit\/joko-pro-03\/\" \/>\n<meta property=\"og:locale\" content=\"fr_FR\" \/>\n<meta property=\"og:type\" content=\"article\" \/>\n<meta property=\"og:title\" content=\"Assise LINEA - JOKO PRO 03 - Makiba\" \/>\n<meta property=\"og:description\" content=\"Retrouvez l&#039;assise JOKO | confort et ergonomie pour le t\u00e9l\u00e9travail, maintien et confort du dos assur\u00e9 | Linea en vente chez MAKIBA | JOKO PRO 03\" \/>\n<meta property=\"og:url\" content=\"https:\/\/shop.makiba.fr\/index.php\/produit\/joko-pro-03\/\" \/>\n<meta property=\"og:site_name\" content=\"Makiba\" \/>\n<meta property=\"article:publisher\" content=\"https:\/\/www.facebook.com\/Makibafr\/\" \/>\n<meta property=\"article:modified_time\" content=\"2025-04-07T13:31:28+00:00\" \/>\n<meta property=\"og:image\" content=\"https:\/\/shop.makiba.fr\/wp-content\/uploads\/2019\/06\/Joko-03-Pro-Techno.png\" \/>\n\t<meta property=\"og:image:width\" content=\"1000\" \/>\n\t<meta property=\"og:image:height\" content=\"1000\" \/>\n\t<meta property=\"og:image:type\" content=\"image\/png\" \/>\n<meta name=\"twitter:card\" content=\"summary_large_image\" \/>\n<meta name=\"twitter:site\" content=\"@Makiba_fr\" \/>\n<meta name=\"twitter:label1\" content=\"Dur\u00e9e de lecture estim\u00e9e\" \/>\n\t<meta name=\"twitter:data1\" content=\"1 minute\" \/>\n<script type=\"application\/ld+json\" class=\"yoast-schema-graph\">{\"@context\":\"https:\/\/schema.org\",\"@graph\":[{\"@type\":\"WebPage\",\"@id\":\"https:\/\/shop.makiba.fr\/index.php\/produit\/joko-pro-03\/\",\"url\":\"https:\/\/shop.makiba.fr\/index.php\/produit\/joko-pro-03\/\",\"name\":\"Assise LINEA - JOKO PRO 03 - Makiba\",\"isPartOf\":{\"@id\":\"https:\/\/shop.makiba.fr\/#website\"},\"primaryImageOfPage\":{\"@id\":\"https:\/\/shop.makiba.fr\/index.php\/produit\/joko-pro-03\/#primaryimage\"},\"image\":{\"@id\":\"https:\/\/shop.makiba.fr\/index.php\/produit\/joko-pro-03\/#primaryimage\"},\"thumbnailUrl\":\"https:\/\/shop.makiba.fr\/wp-content\/uploads\/2019\/06\/Joko-03-Pro-Techno.png\",\"datePublished\":\"2019-06-12T15:09:06+00:00\",\"dateModified\":\"2025-04-07T13:31:28+00:00\",\"description\":\"Retrouvez l'assise JOKO | confort et ergonomie pour le t\u00e9l\u00e9travail, maintien et confort du dos assur\u00e9 | Linea en vente chez MAKIBA | JOKO PRO 03\",\"breadcrumb\":{\"@id\":\"https:\/\/shop.makiba.fr\/index.php\/produit\/joko-pro-03\/#breadcrumb\"},\"inLanguage\":\"fr-FR\",\"potentialAction\":[{\"@type\":\"ReadAction\",\"target\":[\"https:\/\/shop.makiba.fr\/index.php\/produit\/joko-pro-03\/\"]}]},{\"@type\":\"ImageObject\",\"inLanguage\":\"fr-FR\",\"@id\":\"https:\/\/shop.makiba.fr\/index.php\/produit\/joko-pro-03\/#primaryimage\",\"url\":\"https:\/\/shop.makiba.fr\/wp-content\/uploads\/2019\/06\/Joko-03-Pro-Techno.png\",\"contentUrl\":\"https:\/\/shop.makiba.fr\/wp-content\/uploads\/2019\/06\/Joko-03-Pro-Techno.png\",\"width\":1000,\"height\":1000},{\"@type\":\"BreadcrumbList\",\"@id\":\"https:\/\/shop.makiba.fr\/index.php\/produit\/joko-pro-03\/#breadcrumb\",\"itemListElement\":[{\"@type\":\"ListItem\",\"position\":1,\"name\":\"Accueil\",\"item\":\"https:\/\/shop.makiba.fr\/\"},{\"@type\":\"ListItem\",\"position\":2,\"name\":\"Boutique\",\"item\":\"https:\/\/shop.makiba.fr\/index.php\/boutique\/\"},{\"@type\":\"ListItem\",\"position\":3,\"name\":\"LINEA &#8211; JOKO PRO 03\"}]},{\"@type\":\"WebSite\",\"@id\":\"https:\/\/shop.makiba.fr\/#website\",\"url\":\"https:\/\/shop.makiba.fr\/\",\"name\":\"Makiba\",\"description\":\"Le mobilier ergonomique fabriqu\u00e9 en France qui se soucie de votre sant\u00e9 et de notre environnement !\",\"publisher\":{\"@id\":\"https:\/\/shop.makiba.fr\/#organization\"},\"potentialAction\":[{\"@type\":\"SearchAction\",\"target\":{\"@type\":\"EntryPoint\",\"urlTemplate\":\"https:\/\/shop.makiba.fr\/?s={search_term_string}\"},\"query-input\":{\"@type\":\"PropertyValueSpecification\",\"valueRequired\":true,\"valueName\":\"search_term_string\"}}],\"inLanguage\":\"fr-FR\"},{\"@type\":\"Organization\",\"@id\":\"https:\/\/shop.makiba.fr\/#organization\",\"name\":\"MAKIBA\",\"url\":\"https:\/\/shop.makiba.fr\/\",\"logo\":{\"@type\":\"ImageObject\",\"inLanguage\":\"fr-FR\",\"@id\":\"https:\/\/shop.makiba.fr\/#\/schema\/logo\/image\/\",\"url\":\"https:\/\/shop.makiba.fr\/wp-content\/uploads\/2023\/04\/livraison-logo-makiba_logo-horizontal-bleu-beige-250px.png\",\"contentUrl\":\"https:\/\/shop.makiba.fr\/wp-content\/uploads\/2023\/04\/livraison-logo-makiba_logo-horizontal-bleu-beige-250px.png\",\"width\":250,\"height\":51,\"caption\":\"MAKIBA\"},\"image\":{\"@id\":\"https:\/\/shop.makiba.fr\/#\/schema\/logo\/image\/\"},\"sameAs\":[\"https:\/\/www.facebook.com\/Makibafr\/\",\"https:\/\/x.com\/Makiba_fr\",\"https:\/\/www.instagram.com\/makiba_fr\/\",\"https:\/\/www.linkedin.com\/company\/makiba\/\",\"https:\/\/www.pinterest.fr\/makiba_fr\/\",\"https:\/\/www.youtube.com\/channel\/UCRFB60QTX9ZvlwbCbMyFGCQ\"]}]}<\/script>\n<!-- \/ Yoast SEO plugin. -->","yoast_head_json":{"title":"Assise LINEA - JOKO PRO 03 - Makiba","description":"Retrouvez l'assise JOKO | confort et ergonomie pour le t\u00e9l\u00e9travail, maintien et confort du dos assur\u00e9 | Linea en vente chez MAKIBA | JOKO PRO 03","robots":{"index":"index","follow":"follow","max-snippet":"max-snippet:-1","max-image-preview":"max-image-preview:large","max-video-preview":"max-video-preview:-1"},"canonical":"https:\/\/shop.makiba.fr\/index.php\/produit\/joko-pro-03\/","og_locale":"fr_FR","og_type":"article","og_title":"Assise LINEA - JOKO PRO 03 - Makiba","og_description":"Retrouvez l'assise JOKO | confort et ergonomie pour le t\u00e9l\u00e9travail, maintien et confort du dos assur\u00e9 | Linea en vente chez MAKIBA | JOKO PRO 03","og_url":"https:\/\/shop.makiba.fr\/index.php\/produit\/joko-pro-03\/","og_site_name":"Makiba","article_publisher":"https:\/\/www.facebook.com\/Makibafr\/","article_modified_time":"2025-04-07T13:31:28+00:00","og_image":[{"width":1000,"height":1000,"url":"https:\/\/shop.makiba.fr\/wp-content\/uploads\/2019\/06\/Joko-03-Pro-Techno.png","type":"image\/png"}],"twitter_card":"summary_large_image","twitter_site":"@Makiba_fr","twitter_misc":{"Dur\u00e9e de lecture estim\u00e9e":"1 minute"},"schema":{"@context":"https:\/\/schema.org","@graph":[{"@type":"WebPage","@id":"https:\/\/shop.makiba.fr\/index.php\/produit\/joko-pro-03\/","url":"https:\/\/shop.makiba.fr\/index.php\/produit\/joko-pro-03\/","name":"Assise LINEA - JOKO PRO 03 - Makiba","isPartOf":{"@id":"https:\/\/shop.makiba.fr\/#website"},"primaryImageOfPage":{"@id":"https:\/\/shop.makiba.fr\/index.php\/produit\/joko-pro-03\/#primaryimage"},"image":{"@id":"https:\/\/shop.makiba.fr\/index.php\/produit\/joko-pro-03\/#primaryimage"},"thumbnailUrl":"https:\/\/shop.makiba.fr\/wp-content\/uploads\/2019\/06\/Joko-03-Pro-Techno.png","datePublished":"2019-06-12T15:09:06+00:00","dateModified":"2025-04-07T13:31:28+00:00","description":"Retrouvez l'assise JOKO | confort et ergonomie pour le t\u00e9l\u00e9travail, maintien et confort du dos assur\u00e9 | Linea en vente chez MAKIBA | JOKO PRO 03","breadcrumb":{"@id":"https:\/\/shop.makiba.fr\/index.php\/produit\/joko-pro-03\/#breadcrumb"},"inLanguage":"fr-FR","potentialAction":[{"@type":"ReadAction","target":["https:\/\/shop.makiba.fr\/index.php\/produit\/joko-pro-03\/"]}]},{"@type":"ImageObject","inLanguage":"fr-FR","@id":"https:\/\/shop.makiba.fr\/index.php\/produit\/joko-pro-03\/#primaryimage","url":"https:\/\/shop.makiba.fr\/wp-content\/uploads\/2019\/06\/Joko-03-Pro-Techno.png","contentUrl":"https:\/\/shop.makiba.fr\/wp-content\/uploads\/2019\/06\/Joko-03-Pro-Techno.png","width":1000,"height":1000},{"@type":"BreadcrumbList","@id":"https:\/\/shop.makiba.fr\/index.php\/produit\/joko-pro-03\/#breadcrumb","itemListElement":[{"@type":"ListItem","position":1,"name":"Accueil","item":"https:\/\/shop.makiba.fr\/"},{"@type":"ListItem","position":2,"name":"Boutique","item":"https:\/\/shop.makiba.fr\/index.php\/boutique\/"},{"@type":"ListItem","position":3,"name":"LINEA &#8211; JOKO PRO 03"}]},{"@type":"WebSite","@id":"https:\/\/shop.makiba.fr\/#website","url":"https:\/\/shop.makiba.fr\/","name":"Makiba","description":"Le mobilier ergonomique fabriqu\u00e9 en France qui se soucie de votre sant\u00e9 et de notre environnement !","publisher":{"@id":"https:\/\/shop.makiba.fr\/#organization"},"potentialAction":[{"@type":"SearchAction","target":{"@type":"EntryPoint","urlTemplate":"https:\/\/shop.makiba.fr\/?s={search_term_string}"},"query-input":{"@type":"PropertyValueSpecification","valueRequired":true,"valueName":"search_term_string"}}],"inLanguage":"fr-FR"},{"@type":"Organization","@id":"https:\/\/shop.makiba.fr\/#organization","name":"MAKIBA","url":"https:\/\/shop.makiba.fr\/","logo":{"@type":"ImageObject","inLanguage":"fr-FR","@id":"https:\/\/shop.makiba.fr\/#\/schema\/logo\/image\/","url":"https:\/\/shop.makiba.fr\/wp-content\/uploads\/2023\/04\/livraison-logo-makiba_logo-horizontal-bleu-beige-250px.png","contentUrl":"https:\/\/shop.makiba.fr\/wp-content\/uploads\/2023\/04\/livraison-logo-makiba_logo-horizontal-bleu-beige-250px.png","width":250,"height":51,"caption":"MAKIBA"},"image":{"@id":"https:\/\/shop.makiba.fr\/#\/schema\/logo\/image\/"},"sameAs":["https:\/\/www.facebook.com\/Makibafr\/","https:\/\/x.com\/Makiba_fr","https:\/\/www.instagram.com\/makiba_fr\/","https:\/\/www.linkedin.com\/company\/makiba\/","https:\/\/www.pinterest.fr\/makiba_fr\/","https:\/\/www.youtube.com\/channel\/UCRFB60QTX9ZvlwbCbMyFGCQ"]}]}},"_links":{"self":[{"href":"https:\/\/shop.makiba.fr\/index.php\/wp-json\/wp\/v2\/product\/443","targetHints":{"allow":["GET"]}}],"collection":[{"href":"https:\/\/shop.makiba.fr\/index.php\/wp-json\/wp\/v2\/product"}],"about":[{"href":"https:\/\/shop.makiba.fr\/index.php\/wp-json\/wp\/v2\/types\/product"}],"wp:featuredmedia":[{"embeddable":true,"href":"https:\/\/shop.makiba.fr\/index.php\/wp-json\/wp\/v2\/media\/6136"}],"wp:attachment":[{"href":"https:\/\/shop.makiba.fr\/index.php\/wp-json\/wp\/v2\/media?parent=443"}],"wp:term":[{"taxonomy":"product_brand","embeddable":true,"href":"https:\/\/shop.makiba.fr\/index.php\/wp-json\/wp\/v2\/product_brand?post=443"},{"taxonomy":"product_cat","embeddable":true,"href":"https:\/\/shop.makiba.fr\/index.php\/wp-json\/wp\/v2\/product_cat?post=443"},{"taxonomy":"product_tag","embeddable":true,"href":"https:\/\/shop.makiba.fr\/index.php\/wp-json\/wp\/v2\/product_tag?post=443"}],"curies":[{"name":"wp","href":"https:\/\/api.w.org\/{rel}","templated":true}]}}